{"id":159,"date":"2014-01-17T21:12:21","date_gmt":"2014-01-17T20:12:21","guid":{"rendered":"http:\/\/luff.studorg.liu.se\/LFK\/hemsida\/?page_id=159"},"modified":"2026-01-08T21:35:51","modified_gmt":"2026-01-08T20:35:51","slug":"prislista","status":"publish","type":"page","link":"https:\/\/www.lfk.se\/?page_id=159","title":{"rendered":"Prislista"},"content":{"rendered":"\n<p><b>Deponiregler<\/b><\/p>\n<ul>\n<li>Medlem som deponerar 6000 kronor hyr till 1-priser<\/li>\n<li>Medlem som deponerar 12000 kronor hyr till 2-priser<\/li>\n<li>Medlem som deponerar 18000 kronor hyr till 3-priser<\/li>\n<\/ul>\n<p><em>F\u00f6r att som medlem deponera kapital s\u00e4kerst\u00e4ll f\u00f6rst att \u00f6nskat belopp finns tillg\u00e4ngligt p\u00e5 ditt pilotkonto och kontakta sedan kass\u00f6r.<\/em><\/p>\n<p><em>Prislista g\u00e4llande fr\u00e5n och med 2026-01-09<\/em>\n<br><br>\n<b>F\u00f6ljande priser g\u00e4ller uthyrning<\/b><\/p>\n<table style=\"table-layout: auto; width: 700px\">\n<tbody>\n<tr>\n<td>&nbsp;<\/td>\n<td><strong>Cadet<\/strong><\/td>\n<td><strong>Archer<\/strong><\/td>\n<td><strong>MEK<\/strong><\/td>\n<\/tr>\n<tr>\n<td><strong>U0M<\/strong><\/td>\n<td>1810<\/td>\n<td>1920<\/td>\n<td>3050<\/td>\n<\/tr>\n<tr>\n<td><strong>U1M<\/strong><\/td>\n<td>1750<\/td>\n<td>1860<\/td>\n<td>&#8211;<\/td>\n<\/tr>\n<tr>\n<td><strong>U2M<\/strong><\/td>\n<td>1680<\/td>\n<td>1790<\/td>\n<td>&#8211;<\/td>\n<\/tr>\n<tr>\n<td><strong>U3M<\/strong><\/td>\n<td>1610<\/td>\n<td>1720<\/td>\n<td>&#8211;<\/td>\n<\/tr>\n<\/tbody>\n<\/table>\n<p><b>F\u00f6ljande priser g\u00e4ller f\u00f6r &#8221;vanlig&#8221; skolning:<\/b><\/p>\n<table style=\"table-layout: auto; width: 700px\">\n<tbody>\n<tr>\n<td>&nbsp;<\/td>\n<td><strong>PA28<\/strong><\/td>\n<\/tr>\n<tr>\n<td><strong>SK0<\/strong><\/td>\n<td>3200<\/td>\n<\/tr>\n<tr>\n<td><strong>SK1<\/strong><\/td>\n<td>3140<\/td>\n<\/tr>\n<tr>\n<td><strong>SK2<\/strong><\/td>\n<td>3070<\/td>\n<\/tr>\n<tr>\n<td><strong>SK3<\/strong><\/td>\n<td>3000<\/td>\n<\/tr>\n<\/tbody>\n<\/table>\n<p><b>F\u00f6ljande priser g\u00e4ller f\u00f6r specialskolning (IR, m\u00f6rker, AVA, Rote):<\/b><\/p>\n<table style=\"table-layout: auto; width: 700px\">\n<tbody>\n<tr>\n<td>&nbsp;<\/td>\n<td><strong>PA28<\/strong><\/td>\n<td><strong>MEK<\/strong><\/td>\n<\/tr>\n<tr>\n<td><strong>SS0<\/strong><\/td>\n<td>3400<\/td>\n<td>4200<\/td>\n<\/tr>\n<tr>\n<td><strong>SS1<\/strong><\/td>\n<td>3340<\/td>\n<td>&#8211;<\/td>\n<\/tr>\n<tr>\n<td><strong>SS2<\/strong><\/td>\n<td>3270<\/td>\n<td>&#8211;<\/td>\n<\/tr>\n<tr>\n<td><strong>SS3<\/strong><\/td>\n<td>3200<\/td>\n<td>&#8211;<\/td>\n<\/tr>\n<\/tbody>\n<\/table>\n<p><b><u>Vid skolning p\u00e5 l\u00f6rdagar och s\u00f6ndagar tillkommer 200 kr\/h p\u00e5 samtliga priser ovan.<\/u><\/b><\/p>\n<p><b>Priser f\u00f6r medlemskap<\/b><\/p>\n<table style=\"height: 69px;\" width=\"800\">\n<tbody>\n<tr>\n<td>&nbsp;<\/td>\n<td><strong>Ordinarie<\/strong><\/td>\n<td><strong>Ungdom 18-25<\/strong><\/td>\n<td><strong>G\u00e4stande<\/strong><\/td>\n<td><strong>St\u00f6djande<\/strong><\/td>\n<td><strong>Anst\u00e4lld<\/strong><\/td>\n<\/tr>\n<tr>\n<td><strong>Pris<\/strong><\/td>\n<td>4000<\/td>\n<td>1500<\/td>\n<td>3450<\/td>\n<td>300<\/td>\n<td>2000<\/td>\n<\/tr>\n<\/tbody>\n<\/table>\n<p><b>Simulatorn<\/b><\/p>\n<p>Simulatorn kan bokas utan kostnad f\u00f6r medlemmar.<\/p>\n<p><b>\u00d6vriga kostnader<\/b><\/p>\n<ul>\n<li>Vid f\u00f6rl\u00e4ngning av klassbeh\u00f6righeten f\u00f6r SEP tillkommer en avgift p\u00e5 500 kr. Detta g\u00e4ller d\u00e5 piloten kan f\u00f6rl\u00e4nga genom att uppfylla kraven p\u00e5 flygtid och l\u00e4rartimme.<\/li>\n<li>Vid PC f\u00f6r f\u00f6rl\u00e4ngning av en giltig beh\u00f6righet tillkommer en avgift p\u00e5 1000 kr.<\/li>\n<li>Vid PC f\u00f6r f\u00f6rnyelse av en utg\u00e5ngen beh\u00f6righet tillkommer en avgift p\u00e5 1500 kr.<\/li>\n<li>Spr\u00e5kprov 1000 kr.<\/li>\n<li>Vid tankning p\u00e5 en annan flygplats d\u00e4r br\u00e4nslepriset \u00e4r h\u00f6gre \u00e4n vid tankning hos LFK debiteras piloten f\u00f6r merkostnaden.<\/li>\n<li>Landningsavgifter f\u00f6r landning p\u00e5 flygplatser som inte ing\u00e5r i landningskortsystemet debiteras piloten.<\/li><\/ul>\n","protected":false},"excerpt":{"rendered":"<p>Deponiregler Medlem som deponerar 6000 kronor hyr till 1-priser Medlem som deponerar 12000 kronor hyr till 2-priser Medlem som deponerar 18000 kronor hyr till 3-priser F\u00f6r att som medlem deponera kapital s\u00e4kerst\u00e4ll f\u00f6rst att \u00f6nskat belopp finns tillg\u00e4ngligt p\u00e5 ditt pilotkonto och kontakta sedan kass\u00f6r. Prislista g\u00e4llande fr\u00e5n och med 2026-01-09 F\u00f6ljande priser g\u00e4ller uthyrning &nbsp; Cadet Archer MEK U0M 1810 1920 3050 U1M 1750 1860 &#8211; U2M 1680 1790 &#8211; U3M 1610 1720 &#8211; F\u00f6ljande priser g\u00e4ller f\u00f6r &#8221;vanlig&#8221; skolning: &nbsp; PA28 SK0 3200 SK1 3140 SK2 3070 SK3 3000 F\u00f6ljande priser g\u00e4ller f\u00f6r specialskolning (IR, m\u00f6rker, AVA, Rote): &nbsp; PA28 MEK SS0 3400 4200 SS1 3340 &#8211; SS2 3270 &#8211; SS3 3200 &#8211; Vid skolning p\u00e5 l\u00f6rdagar och s\u00f6ndagar tillkommer 200 kr\/h p\u00e5 samtliga priser ovan. Priser f\u00f6r medlemskap &nbsp; Ordinarie Ungdom 18-25 G\u00e4stande St\u00f6djande Anst\u00e4lld Pris 4000 1500 3450 300 2000 Simulatorn Simulatorn kan bokas utan kostnad\u2026 <a class=\"continue-reading-link\" href=\"https:\/\/www.lfk.se\/?page_id=159\">L\u00e4s mer<\/a><\/p>\n","protected":false},"author":1,"featured_media":0,"parent":54,"menu_order":2,"comment_status":"closed","ping_status":"open","template":"templates\/template-onecolumn.php","meta":{"footnotes":""},"class_list":["post-159","page","type-page","status-publish","hentry"],"_links":{"self":[{"href":"https:\/\/www.lfk.se\/index.php?rest_route=\/wp\/v2\/pages\/159","targetHints":{"allow":["GET"]}}],"collection":[{"href":"https:\/\/www.lfk.se\/index.php?rest_route=\/wp\/v2\/pages"}],"about":[{"href":"https:\/\/www.lfk.se\/index.php?rest_route=\/wp\/v2\/types\/page"}],"author":[{"embeddable":true,"href":"https:\/\/www.lfk.se\/index.php?rest_route=\/wp\/v2\/users\/1"}],"replies":[{"embeddable":true,"href":"https:\/\/www.lfk.se\/index.php?rest_route=%2Fwp%2Fv2%2Fcomments&post=159"}],"version-history":[{"count":77,"href":"https:\/\/www.lfk.se\/index.php?rest_route=\/wp\/v2\/pages\/159\/revisions"}],"predecessor-version":[{"id":38407,"href":"https:\/\/www.lfk.se\/index.php?rest_route=\/wp\/v2\/pages\/159\/revisions\/38407"}],"up":[{"embeddable":true,"href":"https:\/\/www.lfk.se\/index.php?rest_route=\/wp\/v2\/pages\/54"}],"wp:attachment":[{"href":"https:\/\/www.lfk.se\/index.php?rest_route=%2Fwp%2Fv2%2Fmedia&parent=159"}],"curies":[{"name":"wp","href":"https:\/\/api.w.org\/{rel}","templated":true}]}}