{"id":195,"date":"2014-01-18T12:21:09","date_gmt":"2014-01-18T11:21:09","guid":{"rendered":"http:\/\/luff.studorg.liu.se\/LFK\/hemsida\/?page_id=195"},"modified":"2021-02-11T19:52:06","modified_gmt":"2021-02-11T18:52:06","slug":"roteflygkurs","status":"publish","type":"page","link":"https:\/\/www.lfk.se\/?page_id=195","title":{"rendered":"Roteflygkurs"},"content":{"rendered":"<p><a href=\"http:\/\/www.lfk.se\/wp-content\/uploads\/2014\/01\/slider.png\"><img loading=\"lazy\" decoding=\"async\" class=\"alignright size-medium wp-image-84\" src=\"http:\/\/www.lfk.se\/wp-content\/uploads\/2014\/01\/slider-300x100.png\" alt=\"slider\" width=\"300\" height=\"100\" srcset=\"https:\/\/www.lfk.se\/wp-content\/uploads\/2014\/01\/slider-300x100.png 300w, https:\/\/www.lfk.se\/wp-content\/uploads\/2014\/01\/slider-1024x341.png 1024w, https:\/\/www.lfk.se\/wp-content\/uploads\/2014\/01\/slider-1038x350.png 1038w, https:\/\/www.lfk.se\/wp-content\/uploads\/2014\/01\/slider.png 1050w\" sizes=\"auto, (max-width: 300px) 100vw, 300px\" \/><\/a>Att flyga tillsammans med ett annat flygplan i t\u00e4t rote \u00e4r mycket roande. Att k\u00e4nna att man kan ligga p\u00e5 plats oavsett vad rotechefen g\u00f6r \u00e4r en mycket trevligt upplevelse. Roteflygning l\u00e4r dig ocks\u00e5 att se andra flygplans flygbanor. Detta har du stor nytta av vid annan enskild flygning t.ex. i okontrollerad luft d\u00e5 man ganska ofta kan komma n\u00e4ra andra flygplan. En kurs i roteflygning ger dig b\u00e4ttre f\u00f6ruts\u00e4ttningar att veta hur du skall man\u00f6vrera ditt eget flygplan f\u00f6r att undvika en kollision.<\/p>\n<p>Sedan 1 sept 2008 kr\u00e4vs enligt LFS dokumenterad utbildning f\u00f6r att f\u00e5 flyga i f\u00f6rband,<br \/>\nDet finns m\u00f6jlighet att genomf\u00f6ra roteflygkurs i Link\u00f6ping. Vi har lagt upp ett program i tv\u00e5 delar.<\/p>\n<ol>\n<li>Del ett inneb\u00e4r en grundl\u00e4ggande rotekurs d\u00e4r Du blir bekv\u00e4m med att att flyga n\u00e4ra andra flygplan.<\/li>\n<li>Del tv\u00e5 flyger vi i formation med 4 flygplan och l\u00e4r oss olika formeringar, olika positioner inb\u00f6rdes och l\u00e4r oss starta och landa i grupp.<\/li>\n<\/ol>\n<p>Du b\u00f6r ha minst\u00a0150 flygtimmar f\u00f6r att g\u00e5 kursen, omfattningen p\u00e5 del ett \u00e4r 4 &#8211; 6 flygpass, intresseanm\u00e4lan g\u00f6rs till Nils Erik Peterson som planerar in n\u00e4sta kurstillf\u00e4lle.<\/p>\n<p>We highly recommend the\u00a0<a href=\"http:\/\/flyfast.org\"><strong>Formation and Safety Team (FAST) <\/strong>home page<\/a> for further studies of formation flight.<\/p>\n<p>These FAST manuals are particularly informative!<\/p>\n<p><a href=\"http:\/\/www.lfk.se\/wp-content\/uploads\/2018\/04\/FAST_FKG_2.0.pdf\">FAST_FKG_2.0<\/a><\/p>\n<p><a href=\"http:\/\/www.lfk.se\/wp-content\/uploads\/2018\/04\/Maneuvers_Guide_ver_2.2.pdf\">Maneuvers_Guide_ver_2.2<\/a><\/p>\n<p><a href=\"http:\/\/www.lfk.se\/wp-content\/uploads\/2018\/04\/FAST_Airshow_Ops_v0.pdf\">FAST_Airshow_Ops_v0<\/a><\/p>\n","protected":false},"excerpt":{"rendered":"<p>Att flyga tillsammans med ett annat flygplan i t\u00e4t rote \u00e4r mycket roande. Att k\u00e4nna att man kan ligga p\u00e5 plats oavsett vad rotechefen g\u00f6r \u00e4r en mycket trevligt upplevelse. Roteflygning l\u00e4r dig ocks\u00e5 att se andra flygplans flygbanor. Detta har du stor nytta av vid annan enskild flygning t.ex. i okontrollerad luft d\u00e5 man ganska ofta kan komma n\u00e4ra andra flygplan. En kurs i roteflygning ger dig b\u00e4ttre f\u00f6ruts\u00e4ttningar att veta hur du skall man\u00f6vrera ditt eget flygplan f\u00f6r att undvika en kollision. Sedan 1 sept 2008 kr\u00e4vs enligt LFS dokumenterad utbildning f\u00f6r att f\u00e5 flyga i f\u00f6rband, Det finns m\u00f6jlighet att genomf\u00f6ra roteflygkurs i Link\u00f6ping. Vi har lagt upp ett program i tv\u00e5 delar. Del ett inneb\u00e4r en grundl\u00e4ggande rotekurs d\u00e4r Du blir bekv\u00e4m med att att flyga n\u00e4ra andra flygplan. Del tv\u00e5 flyger vi i formation med 4 flygplan och l\u00e4r oss olika formeringar, olika positioner inb\u00f6rdes\u2026 <a class=\"continue-reading-link\" href=\"https:\/\/www.lfk.se\/?page_id=195\">L\u00e4s mer<\/a><\/p>\n","protected":false},"author":1,"featured_media":0,"parent":56,"menu_order":8,"comment_status":"closed","ping_status":"open","template":"templates\/template-onecolumn.php","meta":{"footnotes":""},"class_list":["post-195","page","type-page","status-publish","hentry"],"_links":{"self":[{"href":"https:\/\/www.lfk.se\/index.php?rest_route=\/wp\/v2\/pages\/195","targetHints":{"allow":["GET"]}}],"collection":[{"href":"https:\/\/www.lfk.se\/index.php?rest_route=\/wp\/v2\/pages"}],"about":[{"href":"https:\/\/www.lfk.se\/index.php?rest_route=\/wp\/v2\/types\/page"}],"author":[{"embeddable":true,"href":"https:\/\/www.lfk.se\/index.php?rest_route=\/wp\/v2\/users\/1"}],"replies":[{"embeddable":true,"href":"https:\/\/www.lfk.se\/index.php?rest_route=%2Fwp%2Fv2%2Fcomments&post=195"}],"version-history":[{"count":12,"href":"https:\/\/www.lfk.se\/index.php?rest_route=\/wp\/v2\/pages\/195\/revisions"}],"predecessor-version":[{"id":36090,"href":"https:\/\/www.lfk.se\/index.php?rest_route=\/wp\/v2\/pages\/195\/revisions\/36090"}],"up":[{"embeddable":true,"href":"https:\/\/www.lfk.se\/index.php?rest_route=\/wp\/v2\/pages\/56"}],"wp:attachment":[{"href":"https:\/\/www.lfk.se\/index.php?rest_route=%2Fwp%2Fv2%2Fmedia&parent=195"}],"curies":[{"name":"wp","href":"https:\/\/api.w.org\/{rel}","templated":true}]}}