{"id":302,"date":"2014-02-15T14:07:11","date_gmt":"2014-02-15T13:07:11","guid":{"rendered":"http:\/\/www.lfk.se\/?page_id=302"},"modified":"2025-10-13T19:04:26","modified_gmt":"2025-10-13T17:04:26","slug":"flyglarare","status":"publish","type":"page","link":"https:\/\/www.lfk.se\/?page_id=302","title":{"rendered":"Flygl\u00e4rare och funktion\u00e4rer"},"content":{"rendered":"\n<figure class=\"wp-block-table is-style-stripes\"><table><tbody><tr><td><figure><img decoding=\"async\" class=\"alignnone wp-image-392\" src=\"https:\/\/www.lfk.se\/wp-content\/uploads\/2025\/06\/20250305_215849-IMG_0468-JJohansson.jpg\" alt=\"Jonna\" width=\"150\"><\/figure><\/td><td><strong>Jonna Johansson<br><\/strong>PPL, IR, SIM, Flygtr\u00e4ning, PC<\/td><td><\/td><td><figure><img decoding=\"async\" class=\"alignnone size-full wp-image-32242\" src=\"https:\/\/www.lfk.se\/wp-content\/uploads\/2025\/06\/20250205_195836-IMG_0338-NPeterson.jpg\" alt=\"\" width=\"150\"><\/figure><\/td><td><strong>Nils Erik Peterson<br><\/strong>IR, Rote<\/td><\/tr><tr><td><figure><img decoding=\"async\" class=\"alignnone size-full wp-image-32242\" src=\"https:\/\/www.lfk.se\/wp-content\/uploads\/2025\/05\/MattiasB-2025-e1748725122735.jpeg\" alt=\"\" width=\"150\"><\/figure><\/td><td><strong>Matthias Burza<br><\/strong>PPL<\/td><td><\/td><td><figure><img decoding=\"async\" class=\"alignnone wp-image-37916\" src=\"https:\/\/www.lfk.se\/wp-content\/uploads\/2024\/01\/P1290218-scaled.jpg\" width=\"150\" alt=\"\" style=\"\"><\/figure><\/td><td><strong>Staffan J\u00f6nsson<br><\/strong>PPL, Flygtr\u00e4ning<\/td><\/tr><tr><td><figure><img decoding=\"async\" class=\"alignnone size-full wp-image-32242\" src=\"https:\/\/www.lfk.se\/wp-content\/uploads\/2025\/05\/KjellN-2025.jpg\" alt=\"\" width=\"150\"><\/figure><\/td><td><strong>Kjell Nordstr\u00f6m<\/strong><br>PPL, IR, PC<\/td><td><\/td><td><figure><img decoding=\"async\" class=\"alignnone size-full wp-image-32242\" src=\"https:\/\/www.lfk.se\/wp-content\/uploads\/2025\/08\/20250610_184026-IMG_0639.jpg\" alt=\"\" width=\"150\"><\/figure><\/td><td><strong>Erik Hall<\/strong><br>PPL<\/td><\/tr><tr><td><figure><img decoding=\"async\" class=\"alignnone size-full wp-image-32242\" src=\"https:\/\/www.lfk.se\/wp-content\/uploads\/2025\/08\/20250610_184012-IMG_0636.jpg\" alt=\"\" width=\"150\"><\/figure><\/td><td><strong>Per-Olov Olsson<\/strong><br>PPL, rote<\/td><td><\/td><td><\/td><td><\/td><\/tr><\/tbody><\/table><\/figure>\n\n\n\n<h3 class=\"wp-block-heading\">Teoriutbildningen<\/h3>\n\n\n\n<p>Gert Eriksson, provkontrollant Transportstyrelsens prov (PEXO)<\/p>\n\n\n\n<h3 class=\"wp-block-heading\">Flygskolans s\u00e4kerhetskommitt\u00e9<\/h3>\n\n\n\n<p>Jonna Johansson, Head of Training<br>Nils-Erik Peterson, Accountable Manager<br>Nicholaus Lundbohm, Safety Manager<br>Mattias Pettersson, Compliance Monitoring Manager<br>Per Wernholm, Chief Pilot LFK<br>Michael Carlsson, IT LFK<\/p>\n","protected":false},"excerpt":{"rendered":"<p>Jonna JohanssonPPL, IR, SIM, Flygtr\u00e4ning, PC Nils Erik PetersonIR, Rote Matthias BurzaPPL Staffan J\u00f6nssonPPL, Flygtr\u00e4ning Kjell Nordstr\u00f6mPPL, IR, PC Erik HallPPL Per-Olov OlssonPPL, rote Teoriutbildningen Gert Eriksson, provkontrollant Transportstyrelsens prov (PEXO) Flygskolans s\u00e4kerhetskommitt\u00e9 Jonna Johansson, Head of TrainingNils-Erik Peterson, Accountable ManagerNicholaus Lundbohm, Safety ManagerMattias Pettersson, Compliance Monitoring ManagerPer Wernholm, Chief Pilot LFKMichael Carlsson, IT LFK <a class=\"continue-reading-link\" href=\"https:\/\/www.lfk.se\/?page_id=302\">L\u00e4s mer<\/a><\/p>\n","protected":false},"author":1,"featured_media":0,"parent":35404,"menu_order":4,"comment_status":"closed","ping_status":"open","template":"templates\/template-onecolumn.php","meta":{"footnotes":""},"class_list":["post-302","page","type-page","status-publish","hentry"],"_links":{"self":[{"href":"https:\/\/www.lfk.se\/index.php?rest_route=\/wp\/v2\/pages\/302","targetHints":{"allow":["GET"]}}],"collection":[{"href":"https:\/\/www.lfk.se\/index.php?rest_route=\/wp\/v2\/pages"}],"about":[{"href":"https:\/\/www.lfk.se\/index.php?rest_route=\/wp\/v2\/types\/page"}],"author":[{"embeddable":true,"href":"https:\/\/www.lfk.se\/index.php?rest_route=\/wp\/v2\/users\/1"}],"replies":[{"embeddable":true,"href":"https:\/\/www.lfk.se\/index.php?rest_route=%2Fwp%2Fv2%2Fcomments&post=302"}],"version-history":[{"count":51,"href":"https:\/\/www.lfk.se\/index.php?rest_route=\/wp\/v2\/pages\/302\/revisions"}],"predecessor-version":[{"id":38365,"href":"https:\/\/www.lfk.se\/index.php?rest_route=\/wp\/v2\/pages\/302\/revisions\/38365"}],"up":[{"embeddable":true,"href":"https:\/\/www.lfk.se\/index.php?rest_route=\/wp\/v2\/pages\/35404"}],"wp:attachment":[{"href":"https:\/\/www.lfk.se\/index.php?rest_route=%2Fwp%2Fv2%2Fmedia&parent=302"}],"curies":[{"name":"wp","href":"https:\/\/api.w.org\/{rel}","templated":true}]}}