{"id":31958,"date":"2015-08-25T19:01:27","date_gmt":"2015-08-25T17:01:27","guid":{"rendered":"http:\/\/www.lfk.se\/?page_id=31958"},"modified":"2018-04-04T22:13:36","modified_gmt":"2018-04-04T20:13:36","slug":"se-mek","status":"publish","type":"page","link":"https:\/\/www.lfk.se\/?page_id=31958","title":{"rendered":"SE-MEK"},"content":{"rendered":"<p><span style=\"color: #000000;\"><a href=\"http:\/\/www.lfk.se\/wp-content\/uploads\/2015\/08\/8293948695_d30c1f1cb8_b.jpg\"><img loading=\"lazy\" decoding=\"async\" class=\"aligncenter size-medium wp-image-32004\" src=\"http:\/\/www.lfk.se\/wp-content\/uploads\/2015\/08\/8293948695_d30c1f1cb8_b-300x200.jpg\" alt=\"8293948695_d30c1f1cb8_b\" width=\"300\" height=\"200\" srcset=\"https:\/\/www.lfk.se\/wp-content\/uploads\/2015\/08\/8293948695_d30c1f1cb8_b-300x200.jpg 300w, https:\/\/www.lfk.se\/wp-content\/uploads\/2015\/08\/8293948695_d30c1f1cb8_b.jpg 1024w, https:\/\/www.lfk.se\/wp-content\/uploads\/2015\/08\/8293948695_d30c1f1cb8_b-225x150.jpg 225w, https:\/\/www.lfk.se\/wp-content\/uploads\/2015\/08\/8293948695_d30c1f1cb8_b-150x100.jpg 150w\" sizes=\"auto, (max-width: 300px) 100vw, 300px\" \/><\/a>SE-MEK \u00e4r en <a href=\"https:\/\/en.wikipedia.org\/wiki\/Scottish_Aviation_Bulldog\">Scottish Aviation Bulldog<\/a> som anv\u00e4nds under utbildning i avancerad flygning samt roteflygning. Den har tidigare anv\u00e4nts av Arm\u00e9flyg som eldledningsflygplan. Den \u00e4gs av Flygvapenmuseum som l\u00e5ter <a href=\"https:\/\/mvfk.org\/\">Malmens Veteranflygklubb<\/a> nyttja den. LFK hyr in SE-MEK p\u00e5 timbasis f\u00f6r att anv\u00e4nda i utbildning samt nyttjas av medlemmar f\u00f6r egentr\u00e4ning.<\/span><\/p>\n","protected":false},"excerpt":{"rendered":"<p>SE-MEK \u00e4r en Scottish Aviation Bulldog som anv\u00e4nds under utbildning i avancerad flygning samt roteflygning. Den har tidigare anv\u00e4nts av Arm\u00e9flyg som eldledningsflygplan. Den \u00e4gs av Flygvapenmuseum som l\u00e5ter Malmens Veteranflygklubb nyttja den. LFK hyr in SE-MEK p\u00e5 timbasis f\u00f6r att anv\u00e4nda i utbildning samt nyttjas av medlemmar f\u00f6r egentr\u00e4ning. <a class=\"continue-reading-link\" href=\"https:\/\/www.lfk.se\/?page_id=31958\">L\u00e4s mer<\/a><\/p>\n","protected":false},"author":2,"featured_media":0,"parent":0,"menu_order":0,"comment_status":"open","ping_status":"open","template":"","meta":{"footnotes":""},"class_list":["post-31958","page","type-page","status-publish","hentry"],"_links":{"self":[{"href":"https:\/\/www.lfk.se\/index.php?rest_route=\/wp\/v2\/pages\/31958","targetHints":{"allow":["GET"]}}],"collection":[{"href":"https:\/\/www.lfk.se\/index.php?rest_route=\/wp\/v2\/pages"}],"about":[{"href":"https:\/\/www.lfk.se\/index.php?rest_route=\/wp\/v2\/types\/page"}],"author":[{"embeddable":true,"href":"https:\/\/www.lfk.se\/index.php?rest_route=\/wp\/v2\/users\/2"}],"replies":[{"embeddable":true,"href":"https:\/\/www.lfk.se\/index.php?rest_route=%2Fwp%2Fv2%2Fcomments&post=31958"}],"version-history":[{"count":5,"href":"https:\/\/www.lfk.se\/index.php?rest_route=\/wp\/v2\/pages\/31958\/revisions"}],"predecessor-version":[{"id":34827,"href":"https:\/\/www.lfk.se\/index.php?rest_route=\/wp\/v2\/pages\/31958\/revisions\/34827"}],"wp:attachment":[{"href":"https:\/\/www.lfk.se\/index.php?rest_route=%2Fwp%2Fv2%2Fmedia&parent=31958"}],"curies":[{"name":"wp","href":"https:\/\/api.w.org\/{rel}","templated":true}]}}