{"id":31970,"date":"2015-08-25T19:19:02","date_gmt":"2015-08-25T17:19:02","guid":{"rendered":"http:\/\/www.lfk.se\/?page_id=31970"},"modified":"2025-05-04T10:41:57","modified_gmt":"2025-05-04T08:41:57","slug":"ingenjorsutbildning","status":"publish","type":"page","link":"https:\/\/www.lfk.se\/?page_id=31970","title":{"rendered":"Flygteknisk \u00f6versikt"},"content":{"rendered":"\n<p>Link\u00f6pings Flygklubb har till ett antal f\u00f6retag i \u00d6sterg\u00f6tland levererad anpassade utbildningar riktade mot f\u00f6retag inom flygteknikomr\u00e5det. Utbildningarna best\u00e5r av teoretisk utbildning med ett urval av lektioner fr\u00e5n v\u00e5ra PPL- och IR-utbildningar samt ett par pass flygning. Detta skapar en \u00f6kad f\u00f6rst\u00e5else hos anst\u00e4llda&nbsp;f\u00f6r f\u00f6retagens produkter.<\/p>\n\n\n\n<p><strong>Exempel p\u00e5 kursuppl\u00e4gg:<\/strong><\/p>\n\n\n\n<p>Antal elever per kursomg\u00e5ng: Minst 15 och maximalt 20 st.<\/p>\n\n\n\n<p>Omfattning teori:5 kurstillf\u00e4llen \u00e1 3 lektioner = 15 timmar totalt.<\/p>\n\n\n\n<p>Omfattning praktik: 2 flygpass \u00e1 ca. 1 timme = ca. 2 timmars flygning per elev.<\/p>\n\n\n\n<p>Flygning sker i LFKs flygplan av typ Piper PA-28.<\/p>\n\n\n\n<p><strong>Air Law<\/strong><\/p>\n\n\n\n<ul class=\"wp-block-list\">\n<li>International and national Air Law<\/li>\n\n\n\n<li>Air Space Organization and Utilization<\/li>\n\n\n\n<li>Air Traffic Services and procedures<\/li>\n\n\n\n<li>Instrument approach and departure procedures<\/li>\n\n\n\n<li>Airport information<\/li>\n<\/ul>\n\n\n\n<p><strong>Navigation<\/strong><\/p>\n\n\n\n<ul class=\"wp-block-list\">\n<li>Navigation procedures, great circle<\/li>\n\n\n\n<li>Area Navigation (RNAV)<\/li>\n\n\n\n<li>Flight Management Systems (FMS)<\/li>\n\n\n\n<li>Satellite navigation (GNSS)<\/li>\n\n\n\n<li>Instrument Landing systems<\/li>\n\n\n\n<li>Radar procedures<\/li>\n<\/ul>\n\n\n\n<p><strong>Instrumentation<\/strong><\/p>\n\n\n\n<ul class=\"wp-block-list\">\n<li>Basic Flight Instruments<\/li>\n\n\n\n<li>Electronic Flight Information System (EFIS)<\/li>\n\n\n\n<li>Automatic Flight Control Systems<\/li>\n\n\n\n<li>Warning and Recording Systems<\/li>\n<\/ul>\n\n\n\n<p><strong>Human Factors<\/strong><\/p>\n\n\n\n<ul class=\"wp-block-list\">\n<li>Fysiologiska aspekter<\/li>\n\n\n\n<li>Psykologiska aspekter<\/li>\n\n\n\n<li>S\u00e4rskilda aspekter vid milit\u00e4r flygning<\/li>\n\n\n\n<li>Cockpit-utformning, ergonomi<\/li>\n<\/ul>\n\n\n\n<p><strong>Aerodynamik och flygl\u00e4ra<\/strong><\/p>\n\n\n\n<ul class=\"wp-block-list\">\n<li>Aerodynamiska krafter och moment<\/li>\n\n\n\n<li>Luftstr\u00f6mning, Atmosf\u00e4ren<\/li>\n\n\n\n<li>Styrning och stabilitet, flygegenskaper<\/li>\n\n\n\n<li>Flygplans utformning, motortyper<\/li>\n<\/ul>\n\n\n\n<p><strong>Praktisk flygning<\/strong><\/p>\n\n\n\n<p>Flygpass 1<\/p>\n\n\n\n<ul class=\"wp-block-list\">\n<li>Normala flygfaser, rodrens verkan<\/li>\n\n\n\n<li>L\u00e5g fart, stall, brant sv\u00e4ng<\/li>\n\n\n\n<li>Start och landning<\/li>\n<\/ul>\n\n\n\n<p>Flygpass 2<\/p>\n\n\n\n<ul class=\"wp-block-list\">\n<li>Radionavigering<\/li>\n\n\n\n<li>GPS \u2013 navigering<\/li>\n\n\n\n<li>ILS &#8211; inflygning<\/li>\n<\/ul>\n\n\n\n<p>Kontakta LFK p\u00e5 info@lfk.se f\u00f6r mer information om hur en utbildning kan kundanpassas samt referenser fr\u00e5n tidigare kunder.<\/p>\n","protected":false},"excerpt":{"rendered":"<p>Link\u00f6pings Flygklubb har till ett antal f\u00f6retag i \u00d6sterg\u00f6tland levererad anpassade utbildningar riktade mot f\u00f6retag inom flygteknikomr\u00e5det. Utbildningarna best\u00e5r av teoretisk utbildning med ett urval av lektioner fr\u00e5n v\u00e5ra PPL- och IR-utbildningar samt ett par pass flygning. Detta skapar en \u00f6kad f\u00f6rst\u00e5else hos anst\u00e4llda&nbsp;f\u00f6r f\u00f6retagens produkter. Exempel p\u00e5 kursuppl\u00e4gg: Antal elever per kursomg\u00e5ng: Minst 15 och maximalt 20 st. Omfattning teori:5 kurstillf\u00e4llen \u00e1 3 lektioner = 15 timmar totalt. Omfattning praktik: 2 flygpass \u00e1 ca. 1 timme = ca. 2 timmars flygning per elev. Flygning sker i LFKs flygplan av typ Piper PA-28. Air Law Navigation Instrumentation Human Factors Aerodynamik och flygl\u00e4ra Praktisk flygning Flygpass 1 Flygpass 2 Kontakta LFK p\u00e5 info@lfk.se f\u00f6r mer information om hur en utbildning kan kundanpassas samt referenser fr\u00e5n tidigare kunder. <a class=\"continue-reading-link\" href=\"https:\/\/www.lfk.se\/?page_id=31970\">L\u00e4s mer<\/a><\/p>\n","protected":false},"author":2,"featured_media":0,"parent":56,"menu_order":0,"comment_status":"closed","ping_status":"open","template":"","meta":{"footnotes":""},"class_list":["post-31970","page","type-page","status-publish","hentry"],"_links":{"self":[{"href":"https:\/\/www.lfk.se\/index.php?rest_route=\/wp\/v2\/pages\/31970","targetHints":{"allow":["GET"]}}],"collection":[{"href":"https:\/\/www.lfk.se\/index.php?rest_route=\/wp\/v2\/pages"}],"about":[{"href":"https:\/\/www.lfk.se\/index.php?rest_route=\/wp\/v2\/types\/page"}],"author":[{"embeddable":true,"href":"https:\/\/www.lfk.se\/index.php?rest_route=\/wp\/v2\/users\/2"}],"replies":[{"embeddable":true,"href":"https:\/\/www.lfk.se\/index.php?rest_route=%2Fwp%2Fv2%2Fcomments&post=31970"}],"version-history":[{"count":5,"href":"https:\/\/www.lfk.se\/index.php?rest_route=\/wp\/v2\/pages\/31970\/revisions"}],"predecessor-version":[{"id":38230,"href":"https:\/\/www.lfk.se\/index.php?rest_route=\/wp\/v2\/pages\/31970\/revisions\/38230"}],"up":[{"embeddable":true,"href":"https:\/\/www.lfk.se\/index.php?rest_route=\/wp\/v2\/pages\/56"}],"wp:attachment":[{"href":"https:\/\/www.lfk.se\/index.php?rest_route=%2Fwp%2Fv2%2Fmedia&parent=31970"}],"curies":[{"name":"wp","href":"https:\/\/api.w.org\/{rel}","templated":true}]}}