{"id":32011,"date":"2015-08-26T15:41:00","date_gmt":"2015-08-26T13:41:00","guid":{"rendered":"http:\/\/www.lfk.se\/?page_id=32011"},"modified":"2025-05-04T11:45:47","modified_gmt":"2025-05-04T09:45:47","slug":"om-lfk","status":"publish","type":"page","link":"https:\/\/www.lfk.se\/?page_id=32011","title":{"rendered":"Om LFK"},"content":{"rendered":"<div class=\"wp-block-image\">\n<figure class=\"aligncenter\"><img loading=\"lazy\" decoding=\"async\" width=\"180\" height=\"80\" src=\"https:\/\/www.lfk.se\/wp-content\/uploads\/2015\/08\/lfklogonew-1.gif\" alt=\"LFK logo\" class=\"wp-image-32032\"\/><\/figure>\n<\/div>\n\n\n<p>Link\u00f6pings Flygklubb, LFK \u00e4r en av Sveriges \u00e4ldsta flygklubbar och \u00e4r ansluten till Kungliga Svenska Aeroklubben, <a href=\"http:\/\/www.ksak.se\/\">KSAK<\/a>. LFK&nbsp;<a href=\"http:\/\/www.lfk.se\/?page_id=54\">bildades redan 1933<\/a>&nbsp;av anst\u00e4llda vid d\u00e5varande ASJA (numera Saab) samt F 3 Malmen och CVM &#8211; Central Verkstad Malmen. Klubben har idag ca 300 medlemmar, varav ca 200 \u00e4r aktiva piloter.<\/p>\n\n\n\n<p>Klubbens verksamhet best\u00e5r prim\u00e4rt av f\u00f6ljande delar:<\/p>\n\n\n\n<ul class=\"wp-block-list\">\n<li><a href=\"http:\/\/www.lfk.se\/?page_id=56\">Flygutbildning<\/a>. LFK har en egen flygskola som \u00e4r <a href=\"http:\/\/www.lfk.se\/?page_id=56\">certifierad ATO &#8211; Approved Training Organisation<\/a> av Transportstyrelsen. LFK erbjuder allt fr\u00e5n grundutbildning av nya piloter till avancerad flygning och roteflygning.<\/li>\n\n\n\n<li>Uthyrning till <a href=\"http:\/\/www.lfk.se\/?page_id=31966\">FFK<\/a>\u00a0&#8211; Frivilliga Flygk\u00e5ren. LFK flygplan \u00e4r d\u00e4rmed en del av det svenska totalf\u00f6rsvaret. FFK bedriver bl.a. havs\u00f6vervakning f\u00f6r att identifiera oljeutsl\u00e4pp samt bist\u00e5r vid efters\u00f6k p\u00e5 f\u00f6rsvunna personer.<\/li>\n\n\n\n<li>Medlemsuthyrning. Genom att v\u00e5ra medlemmar vidmakth\u00e5ller sin flygkompetens s\u00e5 finns det ocks\u00e5 piloter som kan flyga inom Brandflyg och FFK. Dessutom st\u00f6ttar vi v\u00e5ra v\u00e4nner i <a href=\"http:\/\/www.gliding.se\/\">Link\u00f6pings Segelflygklubb<\/a> och <a href=\"https:\/\/linkopingsfallskarmsklubb.se\/\">Link\u00f6pings Fallsk\u00e4rmsklubb<\/a> med duktiga piloter som flyger deras bogserflygplan och hoppark\u00e4rror.<\/li>\n<\/ul>\n\n\n\n<p>F\u00f6r att bedriva denna verksamhet har klubben <a href=\"http:\/\/www.lfk.se\/?page_id=89\">ett antal flygplan samt en simulator<\/a>.<\/p>\n\n\n\n<p>Klubben h\u00e5ller till p\u00e5 norra sidan av Saab-f\u00e4ltet med adress <a href=\"http:\/\/www.lfk.se\/?page_id=86\">Pilotgatan 10<\/a>. Klubblokalerna \u00e4r p\u00e5 ca 600 m<sup>2<\/sup> och inneh\u00e5ller bl.a. lektionssalar, \u00f6vernattningsrum, simulatorlokal och en bygglokal som \u00e4ven nyttjas av <a href=\"http:\/\/www.gliding.se\/\">Link\u00f6pings Segelflygklubb<\/a>.<\/p>\n\n\n\n<p>LFK \u00e4r medlem i <a href=\"https:\/\/aerospaceclustersweden.com\/\">Aerospace Cluster Sweden<\/a>.<\/p>\n","protected":false},"excerpt":{"rendered":"<p>Link\u00f6pings Flygklubb, LFK \u00e4r en av Sveriges \u00e4ldsta flygklubbar och \u00e4r ansluten till Kungliga Svenska Aeroklubben, KSAK. LFK&nbsp;bildades redan 1933&nbsp;av anst\u00e4llda vid d\u00e5varande ASJA (numera Saab) samt F 3 Malmen och CVM &#8211; Central Verkstad Malmen. Klubben har idag ca 300 medlemmar, varav ca 200 \u00e4r aktiva piloter. Klubbens verksamhet best\u00e5r prim\u00e4rt av f\u00f6ljande delar: F\u00f6r att bedriva denna verksamhet har klubben ett antal flygplan samt en simulator. Klubben h\u00e5ller till p\u00e5 norra sidan av Saab-f\u00e4ltet med adress Pilotgatan 10. Klubblokalerna \u00e4r p\u00e5 ca 600 m2 och inneh\u00e5ller bl.a. lektionssalar, \u00f6vernattningsrum, simulatorlokal och en bygglokal som \u00e4ven nyttjas av Link\u00f6pings Segelflygklubb. LFK \u00e4r medlem i Aerospace Cluster Sweden. <a class=\"continue-reading-link\" href=\"https:\/\/www.lfk.se\/?page_id=32011\">L\u00e4s mer<\/a><\/p>\n","protected":false},"author":2,"featured_media":0,"parent":0,"menu_order":0,"comment_status":"closed","ping_status":"open","template":"","meta":{"footnotes":""},"class_list":["post-32011","page","type-page","status-publish","hentry"],"_links":{"self":[{"href":"https:\/\/www.lfk.se\/index.php?rest_route=\/wp\/v2\/pages\/32011","targetHints":{"allow":["GET"]}}],"collection":[{"href":"https:\/\/www.lfk.se\/index.php?rest_route=\/wp\/v2\/pages"}],"about":[{"href":"https:\/\/www.lfk.se\/index.php?rest_route=\/wp\/v2\/types\/page"}],"author":[{"embeddable":true,"href":"https:\/\/www.lfk.se\/index.php?rest_route=\/wp\/v2\/users\/2"}],"replies":[{"embeddable":true,"href":"https:\/\/www.lfk.se\/index.php?rest_route=%2Fwp%2Fv2%2Fcomments&post=32011"}],"version-history":[{"count":14,"href":"https:\/\/www.lfk.se\/index.php?rest_route=\/wp\/v2\/pages\/32011\/revisions"}],"predecessor-version":[{"id":38258,"href":"https:\/\/www.lfk.se\/index.php?rest_route=\/wp\/v2\/pages\/32011\/revisions\/38258"}],"wp:attachment":[{"href":"https:\/\/www.lfk.se\/index.php?rest_route=%2Fwp%2Fv2%2Fmedia&parent=32011"}],"curies":[{"name":"wp","href":"https:\/\/api.w.org\/{rel}","templated":true}]}}