{"id":32015,"date":"2015-08-26T15:49:13","date_gmt":"2015-08-26T13:49:13","guid":{"rendered":"http:\/\/www.lfk.se\/?page_id=32015"},"modified":"2025-05-04T10:58:27","modified_gmt":"2025-05-04T08:58:27","slug":"tavling","status":"publish","type":"page","link":"https:\/\/www.lfk.se\/?page_id=32015","title":{"rendered":"T\u00e4vling"},"content":{"rendered":"\n<p>LFK har en l\u00e5ng och framg\u00e5ngsrik <a href=\"http:\/\/www.lfk.se\/wp-content\/uploads\/2014\/01\/15-T%C3%A4vlingsverksamheten.pdf\">historia inom t\u00e4vlingsverksamheten<\/a>. \u00c4ven p\u00e5 senare \u00e5r har LFK vid ett flertal tillf\u00e4llen vunnit <a href=\"http:\/\/www.lfk.se\/?p=31843\">SM-guld i Civil Flygfemkamp<\/a>.<\/p>\n\n\n\n<p>F\u00f6r att \u00f6ka medlemmarnas flygskicklighet s\u00e5 anordnas tr\u00e4ningstillf\u00e4llen under b\u00e5de <a href=\"http:\/\/www.lfk.se\/?page_id=80\">dager<\/a> och <a href=\"http:\/\/www.lfk.se\/?page_id=82\">m\u00f6rker<\/a> d\u00e4r man \u00f6var precisionslandning. Vid ett av dessa tillf\u00e4llen utses klubbm\u00e4staren i precisionslandning.<\/p>\n\n\n\n<p>Klubben arrangerar \u00e4ven <a href=\"https:\/\/www.lfk.se\/?page_id=33723\">Safarit\u00e4vlingen<\/a>, ett \u00f6ppet klubbm\u00e4sterskap i precisionsflygning \u00f6ppen f\u00f6r alla medlemmar i LFK s\u00e5v\u00e4l som andra klubbar i landet. Detta \u00e4r precisionsflygt\u00e4vlingen d\u00e4r alla kan delta. Navigeringen \u00e4r upplagd s\u00e5 att nyb\u00f6rjaren l\u00e4tt hittar runt. F\u00f6r den avancerade ligger ist\u00e4llet utmaningarna i spaningsm\u00e5len. T\u00e4vlingslicens \u00e4r inget krav. Detta \u00e4r s\u00e5ledes ett utm\u00e4rkt tillf\u00e4lle f\u00f6r er som aldrig v\u00e5gat ta steget och vara med i en t\u00e4vling tidigare. Och ni vet v\u00e4l att alla LFK-debutanter f\u00e5r gratis flygtid!<\/p>\n","protected":false},"excerpt":{"rendered":"<p>LFK har en l\u00e5ng och framg\u00e5ngsrik historia inom t\u00e4vlingsverksamheten. \u00c4ven p\u00e5 senare \u00e5r har LFK vid ett flertal tillf\u00e4llen vunnit SM-guld i Civil Flygfemkamp. F\u00f6r att \u00f6ka medlemmarnas flygskicklighet s\u00e5 anordnas tr\u00e4ningstillf\u00e4llen under b\u00e5de dager och m\u00f6rker d\u00e4r man \u00f6var precisionslandning. Vid ett av dessa tillf\u00e4llen utses klubbm\u00e4staren i precisionslandning. Klubben arrangerar \u00e4ven Safarit\u00e4vlingen, ett \u00f6ppet klubbm\u00e4sterskap i precisionsflygning \u00f6ppen f\u00f6r alla medlemmar i LFK s\u00e5v\u00e4l som andra klubbar i landet. Detta \u00e4r precisionsflygt\u00e4vlingen d\u00e4r alla kan delta. Navigeringen \u00e4r upplagd s\u00e5 att nyb\u00f6rjaren l\u00e4tt hittar runt. F\u00f6r den avancerade ligger ist\u00e4llet utmaningarna i spaningsm\u00e5len. T\u00e4vlingslicens \u00e4r inget krav. Detta \u00e4r s\u00e5ledes ett utm\u00e4rkt tillf\u00e4lle f\u00f6r er som aldrig v\u00e5gat ta steget och vara med i en t\u00e4vling tidigare. Och ni vet v\u00e4l att alla LFK-debutanter f\u00e5r gratis flygtid! <a class=\"continue-reading-link\" href=\"https:\/\/www.lfk.se\/?page_id=32015\">L\u00e4s mer<\/a><\/p>\n","protected":false},"author":2,"featured_media":0,"parent":0,"menu_order":0,"comment_status":"open","ping_status":"open","template":"","meta":{"footnotes":""},"class_list":["post-32015","page","type-page","status-publish","hentry"],"_links":{"self":[{"href":"https:\/\/www.lfk.se\/index.php?rest_route=\/wp\/v2\/pages\/32015","targetHints":{"allow":["GET"]}}],"collection":[{"href":"https:\/\/www.lfk.se\/index.php?rest_route=\/wp\/v2\/pages"}],"about":[{"href":"https:\/\/www.lfk.se\/index.php?rest_route=\/wp\/v2\/types\/page"}],"author":[{"embeddable":true,"href":"https:\/\/www.lfk.se\/index.php?rest_route=\/wp\/v2\/users\/2"}],"replies":[{"embeddable":true,"href":"https:\/\/www.lfk.se\/index.php?rest_route=%2Fwp%2Fv2%2Fcomments&post=32015"}],"version-history":[{"count":5,"href":"https:\/\/www.lfk.se\/index.php?rest_route=\/wp\/v2\/pages\/32015\/revisions"}],"predecessor-version":[{"id":38235,"href":"https:\/\/www.lfk.se\/index.php?rest_route=\/wp\/v2\/pages\/32015\/revisions\/38235"}],"wp:attachment":[{"href":"https:\/\/www.lfk.se\/index.php?rest_route=%2Fwp%2Fv2%2Fmedia&parent=32015"}],"curies":[{"name":"wp","href":"https:\/\/api.w.org\/{rel}","templated":true}]}}