{"id":34136,"date":"2016-10-03T21:48:26","date_gmt":"2016-10-03T19:48:26","guid":{"rendered":"http:\/\/www.lfk.se\/?page_id=34136"},"modified":"2022-05-04T17:32:04","modified_gmt":"2022-05-04T15:32:04","slug":"introduktionsflygningar","status":"publish","type":"page","link":"https:\/\/www.lfk.se\/?page_id=34136","title":{"rendered":"Introduktionsflygningar"},"content":{"rendered":"<p><strong>\u00c4r du sugen p\u00e5 en introduktion i flygning? Sv\u00e5rt att komma p\u00e5 den perfekta f\u00f6delsedagspresenten?<\/strong><\/p>\n<p>En introduktionsflygning \u00e4r en present som alla flygintresserade uppskattar, ung som gammal, tjej som kille.<\/p>\n<p>H\u00f6r av dig direkt till n\u00e5gon av nedanst\u00e5ende piloter som mycket g\u00e4rna flyger en tur \u00f6ver Link\u00f6pingstrakten med dig. V\u00e5ra flygplan \u00e4r fyrsitsiga s\u00e5 1-3 personer kan f\u00f6lja med p\u00e5 flygningen. Du best\u00e4mmer tillsammans med piloten n\u00e4r, vart du vill \u00e5ka och hur l\u00e4nge. Piloterna som flyger v\u00e5ra introduktionsflygningar \u00e4r alla erfarna, har minst 800 flygtimmar totalt och har flugit minst 20 timmar de senaste 12 m\u00e5naderna. Betalningen f\u00f6r flygtiden g\u00e5r oavkortat till LFK. Piloternas enda ers\u00e4ttning \u00e4r den gl\u00e4dje det ger att introducera n\u00e5gon i lufthavet.<\/p>\n<p>Enligt <a href=\"https:\/\/www.transportstyrelsen.se\/TSFS\/TSFS 2024_8.pdf\">Transportstyrelsens f\u00f6reskrifter och allm\u00e4nna r\u00e5d om introduktionsflygningar (TSFS 2024:8)<\/a> informeras passagerarna i f\u00f6rv\u00e4g om:<\/p>\n<ul>\n<li>att flygningen kommer att utf\u00f6ras enligt reglerna f\u00f6r icke-kommersiell verksamhet,<\/li>\n<li>att verksamheten inte \u00e4r tillst\u00e5ndspliktig,<\/li>\n<li>samt att icke-kommersiell verksamhet inte har samma s\u00e4kerhetsniv\u00e5 som kommersiell flygtransport.<\/li>\n<\/ul>\n<p><strong>30<\/strong> minuter kostar <strong>1200<\/strong> kr och g\u00e5r att ut\u00f6ka s\u00e5 l\u00e4nge som \u00f6nskas. Du betalar med VISA\/MasterCard direkt till LFK efter flygning.<\/p>\n<p>Vill du ist\u00e4llet ha en <a href=\"https:\/\/www.lfk.se\/?page_id=4031\">provlektion<\/a> med en flygl\u00e4rare s\u00e5 erbjuder vi \u00e4ven det.<\/p>\n<p><img loading=\"lazy\" decoding=\"async\" class=\"alignnone size-medium wp-image-34157\" src=\"http:\/\/www.lfk.se\/wp-content\/uploads\/2016\/10\/20160708_144022-01-300x206.jpeg\" alt=\"20160708_144022-01\" width=\"300\" height=\"206\" srcset=\"https:\/\/www.lfk.se\/wp-content\/uploads\/2016\/10\/20160708_144022-01-300x206.jpeg 300w, https:\/\/www.lfk.se\/wp-content\/uploads\/2016\/10\/20160708_144022-01-768x527.jpeg 768w, https:\/\/www.lfk.se\/wp-content\/uploads\/2016\/10\/20160708_144022-01-1024x703.jpeg 1024w, https:\/\/www.lfk.se\/wp-content\/uploads\/2016\/10\/20160708_144022-01-218x150.jpeg 218w, https:\/\/www.lfk.se\/wp-content\/uploads\/2016\/10\/20160708_144022-01-150x103.jpeg 150w\" sizes=\"auto, (max-width: 300px) 100vw, 300px\" \/><br \/>\n<strong>Per Wernholm<\/strong><br \/>\nMotorflygchef och Vice Ordf\u00f6rande i LFK, flygplansdel\u00e4gare<br \/>\nAnsvarar f\u00f6r introduktionsflygningarnas s\u00e4kerhet<br \/>\nPrivatflygare, ~1700h<br \/>\n<a href=\"mailto:pwernholm@gmail.com\">pwernholm@gmail.com<\/a><\/p>\n<p><img loading=\"lazy\" decoding=\"async\" class=\"alignnone size-medium wp-image-34145\" src=\"http:\/\/www.lfk.se\/wp-content\/uploads\/2016\/10\/L1070411-300x200.jpg\" alt=\"l1070411\" width=\"300\" height=\"200\" srcset=\"https:\/\/www.lfk.se\/wp-content\/uploads\/2016\/10\/L1070411-300x200.jpg 300w, https:\/\/www.lfk.se\/wp-content\/uploads\/2016\/10\/L1070411-768x512.jpg 768w, https:\/\/www.lfk.se\/wp-content\/uploads\/2016\/10\/L1070411-1024x683.jpg 1024w, https:\/\/www.lfk.se\/wp-content\/uploads\/2016\/10\/L1070411-225x150.jpg 225w, https:\/\/www.lfk.se\/wp-content\/uploads\/2016\/10\/L1070411-150x100.jpg 150w, https:\/\/www.lfk.se\/wp-content\/uploads\/2016\/10\/L1070411.jpg 1261w\" sizes=\"auto, (max-width: 300px) 100vw, 300px\" \/>r<br \/>\n<strong>Gert Eriksson<\/strong><br \/>\nAktiv medlem, flygplansdel\u00e4gare<br \/>\nPrivatflygare, instrumentcertifikat, ~1470 flygtimmar<br \/>\n<a href=\"mailto:gertolaeriksson@gmail.com\">gertolaeriksson@gmail.com<\/a><\/p>\n<p><img loading=\"lazy\" decoding=\"async\" class=\"alignnone wp-image-34913\" src=\"http:\/\/www.lfk.se\/wp-content\/uploads\/2018\/06\/934723_10152914392100451_1069964727_n.jpg\" alt=\"\" width=\"219\" height=\"292\" srcset=\"https:\/\/www.lfk.se\/wp-content\/uploads\/2018\/06\/934723_10152914392100451_1069964727_n.jpg 720w, https:\/\/www.lfk.se\/wp-content\/uploads\/2018\/06\/934723_10152914392100451_1069964727_n-225x300.jpg 225w, https:\/\/www.lfk.se\/wp-content\/uploads\/2018\/06\/934723_10152914392100451_1069964727_n-113x150.jpg 113w\" sizes=\"auto, (max-width: 219px) 100vw, 219px\" \/><br \/>\n<strong>Bj\u00f6rn Rystedt<\/strong><br \/>\nFlygplans\u00e4gare Br\u00fcgger Colibri och B\u00fccker Jungman<br \/>\nMilit\u00e4r utbildning p\u00e5 Viggen och Gripen<br \/>\nUppvisningspilot Saab B 17<br \/>\nCivil utbildning privatflygare, instrumentcertifikat, ~1700 flygtimmar<br \/>\n<a href=\"mailto:bjrys66@gmail.com\">bjrys66@gmail.com<\/a><\/p>\n<h2><strong>Utdrag ur EU-regelverket f\u00f6r introduktionsflygningar<\/strong><\/h2>\n<p><em>Introduktionsflygningar genomf\u00f6rs enligt KOMMISSIONENS F\u00d6RORDNING (EU) nr 965\/2012 av den 5 oktober 2012\u00a0om tekniska krav och administrativa f\u00f6rfaranden i samband med flygdrift enligt Europaparlamentets och r\u00e5dets f\u00f6rordning (EG) nr 216\/2008.<\/em><\/p>\n<p><em><strong>Definition<\/strong>: introduktionsflygning (introductory flight): alla flygningar som ut\u00ad f\u00f6rs mot ers\u00e4ttning eller annan form av gottg\u00f6relse, som best\u00e5r av en flygtur med kort varaktighet och som erbjuds av en godk\u00e4nd utbildningsorganisation eller en organisation som skapats med m\u00e5l\u00ad s\u00e4ttningen att fr\u00e4mja sport- eller fritidsflygning, i syfte att dra till sig nya elever eller nya medlemmar.<\/em><\/p>\n<p><strong>Artikel 6\u00a0Undantag<\/strong><br \/>\nMed avvikelse fr\u00e5n vad som s\u00e4gs i artikel 5.1 och 5.6 f\u00e5r f\u00f6ljande verksamhet med andra flygplan och helikoptrar \u00e4n komplexa motor\u00addrivna flygplan och helikoptrar samt ballonger och segelflygplan utf\u00f6ras:<\/p>\n<p>Introduktionsflygning som utf\u00f6rs av en organisation vars syfte \u00e4r att fr\u00e4mja flygsport eller fri\u00adtidsflyg, under f\u00f6ruts\u00e4ttning att luftfartyget \u00e4gs av organisationen eller hyrs in utan bes\u00e4ttning, att flygningen inte genererar vinster som delas ut utanf\u00f6r organisationen och att flygningar d\u00e4r andra \u00e4n organisationens medlemmar deltar endast utg\u00f6r en marginell del av organisationens verksamhet.<\/p>\n<p><strong>ICKE-KOMMERSIELL FLYGDRIFT MED ANDRA LUFTFARTYG \u00c4N KOMPLEXA MOTORDRIVNA LUFTFARTYG,\u00a0<\/strong><strong>[DEL-NCO]\u00a0KAPITEL A\u00a0ALLM\u00c4NNA KRAV\u00a0<\/strong><strong>NCO.GEN.103 Introduktionsflygningar<\/strong><\/p>\n<p><em>Introduktionsflygningar som avses i artikel 6.5 c i denna f\u00f6rordning ska, n\u00e4r de utf\u00f6rs i enlighet med denna bilaga,<br \/>\na) \u00a0b\u00f6rja och sluta vid samma flygplats eller utelandningsplats, med undantag f\u00f6r ballonger och segelflygplan,<br \/>\nb) \u00a0genomf\u00f6ras enligt visuellflygregler (VFR) under dager,<br \/>\nc) \u00a0\u00f6vervakas av en utsedd person som ansvarar f\u00f6r flygningarnas s\u00e4kerhet, och<br \/>\nd) \u00a0uppfylla alla andra villkor som fastst\u00e4llts av den beh\u00f6riga myndigheten.<\/em><\/p>\n","protected":false},"excerpt":{"rendered":"<p>\u00c4r du sugen p\u00e5 en introduktion i flygning? Sv\u00e5rt att komma p\u00e5 den perfekta f\u00f6delsedagspresenten? En introduktionsflygning \u00e4r en present som alla flygintresserade uppskattar, ung som gammal, tjej som kille. H\u00f6r av dig direkt till n\u00e5gon av nedanst\u00e5ende piloter som mycket g\u00e4rna flyger en tur \u00f6ver Link\u00f6pingstrakten med dig. V\u00e5ra flygplan \u00e4r fyrsitsiga s\u00e5 1-3 personer kan f\u00f6lja med p\u00e5 flygningen. Du best\u00e4mmer tillsammans med piloten n\u00e4r, vart du vill \u00e5ka och hur l\u00e4nge. Piloterna som flyger v\u00e5ra introduktionsflygningar \u00e4r alla erfarna, har minst 800 flygtimmar totalt och har flugit minst 20 timmar de senaste 12 m\u00e5naderna. Betalningen f\u00f6r flygtiden g\u00e5r oavkortat till LFK. Piloternas enda ers\u00e4ttning \u00e4r den gl\u00e4dje det ger att introducera n\u00e5gon i lufthavet. Enligt Transportstyrelsens f\u00f6reskrifter och allm\u00e4nna r\u00e5d om introduktionsflygningar (TSFS 2024:8) informeras passagerarna i f\u00f6rv\u00e4g om: att flygningen kommer att utf\u00f6ras enligt reglerna f\u00f6r icke-kommersiell verksamhet, att verksamheten inte \u00e4r tillst\u00e5ndspliktig, samt att icke-kommersiell\u2026 <a class=\"continue-reading-link\" href=\"https:\/\/www.lfk.se\/?page_id=34136\">L\u00e4s mer<\/a><\/p>\n","protected":false},"author":6,"featured_media":0,"parent":56,"menu_order":0,"comment_status":"closed","ping_status":"closed","template":"templates\/template-onecolumn.php","meta":{"footnotes":""},"class_list":["post-34136","page","type-page","status-publish","hentry"],"_links":{"self":[{"href":"https:\/\/www.lfk.se\/index.php?rest_route=\/wp\/v2\/pages\/34136","targetHints":{"allow":["GET"]}}],"collection":[{"href":"https:\/\/www.lfk.se\/index.php?rest_route=\/wp\/v2\/pages"}],"about":[{"href":"https:\/\/www.lfk.se\/index.php?rest_route=\/wp\/v2\/types\/page"}],"author":[{"embeddable":true,"href":"https:\/\/www.lfk.se\/index.php?rest_route=\/wp\/v2\/users\/6"}],"replies":[{"embeddable":true,"href":"https:\/\/www.lfk.se\/index.php?rest_route=%2Fwp%2Fv2%2Fcomments&post=34136"}],"version-history":[{"count":43,"href":"https:\/\/www.lfk.se\/index.php?rest_route=\/wp\/v2\/pages\/34136\/revisions"}],"predecessor-version":[{"id":37943,"href":"https:\/\/www.lfk.se\/index.php?rest_route=\/wp\/v2\/pages\/34136\/revisions\/37943"}],"up":[{"embeddable":true,"href":"https:\/\/www.lfk.se\/index.php?rest_route=\/wp\/v2\/pages\/56"}],"wp:attachment":[{"href":"https:\/\/www.lfk.se\/index.php?rest_route=%2Fwp%2Fv2%2Fmedia&parent=34136"}],"curies":[{"name":"wp","href":"https:\/\/api.w.org\/{rel}","templated":true}]}}