{"id":345,"date":"2014-02-15T15:45:43","date_gmt":"2014-02-15T14:45:43","guid":{"rendered":"http:\/\/www.lfk.se\/?page_id=345"},"modified":"2025-11-05T14:41:48","modified_gmt":"2025-11-05T13:41:48","slug":"ir-teori","status":"publish","type":"page","link":"https:\/\/www.lfk.se\/?page_id=345","title":{"rendered":"Teoriutbildning (CBIR och BIR)"},"content":{"rendered":"\n<h2 class=\"wp-block-heading\"><mark style=\"background-color:rgba(0, 0, 0, 0);color:#23627d\" class=\"has-inline-color\">V\u00e5r n\u00e4sta CBIR\/BIR-kurs startar h\u00f6sten 2026!<\/mark><\/h2>\n\n\n\n<p class=\"has-vivid-red-color has-text-color has-link-color wp-elements-853a41bb4acb8501dfe23ac4adac3574\">Informationen nedan g\u00e4ller f\u00f6r kursen som startade i januari 2025. V\u00e5r f\u00f6rhoppning \u00e4r att starta en ny kurs under senare delen av h\u00f6sten 2026 och hemsidan kommer att uppdateras med aktuella datum och priser efter sommaren. Kursens uppl\u00e4gg kommer i princip vara detsamma som f\u00f6r 2025 men vi kommer f\u00f6rmodligen k\u00f6ra tv\u00e5 helger under h\u00f6sten och tre helger under v\u00e5ren.<\/p>\n\n\n\n<p>V\u00e5r IR-kurs riktar sig till privatflygare som vill ha en instrumentbeh\u00f6righet. Det finns tv\u00e5 olika IR-beh\u00f6righeter vilka skiljer sig \u00e5t g\u00e4llande befogenheter och utbildningstid. Om du g\u00e5r v\u00e5r teorikurs kan du allts\u00e5 v\u00e4lja om du vill ta en Competency Based Instrument Rating (CBIR) eller en Basic Instrument Rating (BIR). Vilken typ av IR-beh\u00f6righet du vill ha beh\u00f6ver du inte best\u00e4mma f\u00f6rr\u00e4n du p\u00e5b\u00f6rjar den teoretiska examinationen.<\/p>\n\n\n\n<div style=\"height:2px\" aria-hidden=\"true\" class=\"wp-block-spacer\"><\/div>\n\n\n\n<hr class=\"wp-block-separator has-text-color has-css-opacity has-background is-style-wide\" style=\"background-color:#23627d;color:#23627d\"\/>\n\n\n\n<h2 class=\"wp-block-heading has-text-color\" style=\"color:#23627d;font-size:23px\">Kursens uppl\u00e4gg<\/h2>\n\n\n\n<div style=\"height:5px\" aria-hidden=\"true\" class=\"wp-block-spacer\"><\/div>\n\n\n\n<p class=\"has-black-color has-text-color\">Teorikursen bedrivs i form av klassrumsundervisning och omfattar 90 timmar l\u00e4rarledda lektioner f\u00f6rdelat p\u00e5 fem l\u00e5nghelger (fre-s\u00f6n) var tredje vecka. Varje dag best\u00e5r av tv\u00e5 3-timmarspass med en timmes rast mellan lektionerna. Kurshelgen drar ig\u00e5ng klockan 13 p\u00e5 fredagen och avslutas klockan 16 p\u00e5 s\u00f6ndagen.<\/p>\n\n\n\n<p>Kursen \u00e4r inplanerad vecka 3, 6, 9, 12 och 15, 2025.<\/p>\n\n\n\n<p class=\"has-black-color has-text-color\">Klassrumsundervisning inneb\u00e4r att det finns ett n\u00e4rvarokrav under kursen, det g\u00e5r allts\u00e5 inte att l\u00e4sa in teorin p\u00e5 egen hand. Ut\u00f6ver de l\u00e4rarledda lektionerna ing\u00e5r \u00e4ven ca 10 timmar teoriutbildning i form av instuderingsfr\u00e5gor och \u00f6vningsuppgifter.<span style=\"background-color:rgba(0, 0, 0, 0)\" class=\"has-inline-color has-black-color\"> Kravet \u00e4r 80 timmar teoriutbildning varav minst 50% i varje \u00e4mne. <\/span><\/p>\n\n\n\n<p>Undervisningen sker p\u00e5 svenska men litteratur, skolprov samt Transportstyrelsens prov \u00e4r p\u00e5 engelska.<\/p>\n\n\n<div class=\"wp-block-image\">\n<figure class=\"alignright size-full is-resized\"><a href=\"https:\/\/www.lfk.se\/wp-content\/uploads\/2021\/11\/IMG_4014-scaled.jpg\"><img loading=\"lazy\" decoding=\"async\" width=\"2560\" height=\"1421\" src=\"https:\/\/www.lfk.se\/wp-content\/uploads\/2021\/11\/IMG_4014-scaled.jpg\" alt=\"\" class=\"wp-image-37041\" style=\"width:418px;height:232px\" srcset=\"https:\/\/www.lfk.se\/wp-content\/uploads\/2021\/11\/IMG_4014-scaled.jpg 2560w, https:\/\/www.lfk.se\/wp-content\/uploads\/2021\/11\/IMG_4014-300x167.jpg 300w, https:\/\/www.lfk.se\/wp-content\/uploads\/2021\/11\/IMG_4014-1024x569.jpg 1024w, https:\/\/www.lfk.se\/wp-content\/uploads\/2021\/11\/IMG_4014-768x426.jpg 768w, https:\/\/www.lfk.se\/wp-content\/uploads\/2021\/11\/IMG_4014-1536x853.jpg 1536w, https:\/\/www.lfk.se\/wp-content\/uploads\/2021\/11\/IMG_4014-2048x1137.jpg 2048w, https:\/\/www.lfk.se\/wp-content\/uploads\/2021\/11\/IMG_4014-250x139.jpg 250w, https:\/\/www.lfk.se\/wp-content\/uploads\/2021\/11\/IMG_4014-150x83.jpg 150w\" sizes=\"auto, (max-width: 2560px) 100vw, 2560px\" \/><\/a><\/figure>\n<\/div>\n\n\n<p><strong>F\u00f6ljande \u00e4mnen ing\u00e5r i teorikursen:<\/strong><\/p>\n\n\n\n<ul class=\"wp-block-list\">\n<li>Air Law<\/li>\n\n\n\n<li>Aircraft General Knowledge &#8211; Instrumentation<\/li>\n\n\n\n<li>Flight Planning and Monitoring<\/li>\n\n\n\n<li>Human Performance and Limitations<\/li>\n\n\n\n<li>Meteorology<\/li>\n\n\n\n<li>Navigation &#8211; Radio Navigation<\/li>\n\n\n\n<li>Communications<\/li>\n<\/ul>\n\n\n\n<p>Kursen kr\u00e4ver minst fyra deltagare f\u00f6r att genomf\u00f6ras.<\/p>\n\n\n\n<h2 class=\"wp-block-heading has-text-color\" style=\"color:#23627d;font-size:23px\">Kurslitteratur<\/h2>\n\n\n\n<div style=\"height:5px\" aria-hidden=\"true\" class=\"wp-block-spacer\"><\/div>\n\n\n\n<p>Tidigare anv\u00e4nde vi oss av ATPL-b\u00f6ckerna fr\u00e5n Oxford Aviation Academy men de senaste \u00e5ren har vi \u00e4ven haft elever som har anv\u00e4nt e-b\u00f6ckerna fr\u00e5n Padpilot som \u00e4r anpassade just f\u00f6r CBIR och BIR. B\u00f6ckerna fr\u00e5n Oxford Aviation Academy ser inte ut att tryckas l\u00e4ngre och alla b\u00f6cker som kr\u00e4vs f\u00f6r kursen finns inte l\u00e4ngre att k\u00f6pa hos Pilotshop.se vilket g\u00f6r alternativen v\u00e4ldigt begr\u00e4nsade.<\/p>\n\n\n\n<p>B\u00f6ckerna fr\u00e5n <strong>Padpilot<\/strong> heter EASA CBIR 2021 och bokserien best\u00e5r av en e-bok i varje \u00e4mne och inneh\u00e5llet har anpassats efter syllabusen f\u00f6r CBIR.  Skillnaden mellan CBIR och BIR \u00e4r relativt liten och b\u00f6ckerna fr\u00e5n Padpilot fungerar \u00e4ven f\u00f6r BIR. B\u00f6ckerna k\u00f6per man fr\u00e5n Apple Books och fungerar bara p\u00e5 Apples produkter. Det finns tv\u00e5 upplagor och det \u00e4r b\u00f6ckerna som kostar 369 kr styck som ni ska v\u00e4lja.<\/p>\n\n\n\n<p>B\u00f6ckerna fr\u00e5n <strong>Oxford Aviation Academy<\/strong> \u00e4r skrivna f\u00f6r elever som l\u00e4ser ATPL-teorin vilket inneb\u00e4r att man m\u00e5ste sortera ut de delar som \u00e4r relevanta f\u00f6r CBIR\/BIR. B\u00f6ckerna inneh\u00e5ller mer information vilket ocks\u00e5 ger st\u00f6rre m\u00f6jligheter till f\u00f6rdjupning och b\u00e4ttre f\u00f6rst\u00e5else. De b\u00f6cker som ing\u00e5r i kursen \u00e4r bok nummer 1, 5, 7, 8, 9, 11 och 14. Det kan g\u00e5 att f\u00e5 tag i begagnade b\u00f6cker och det g\u00e5r bra f\u00f6r v\u00e5r del men d\u00e5 m\u00e5ste det vara upplagan som heter EASA &#8211; Revised Edition eller EASA &#8211; First Edition (m\u00f6rkbl\u00e5 b\u00f6cker). <\/p>\n\n\n\n<p><\/p>\n\n\n\n<p>Med erfarenhet av tidigare kurser ser vi inga problem med att eleverna inte anv\u00e4nder samma kurslitteratur. L\u00e4rarna utg\u00e5r i regel ifr\u00e5n Oxford-b\u00f6ckerna n\u00e4r de undervisar men det finns oftast en presentation att f\u00f6lja vilket inneb\u00e4r att b\u00f6ckerna i regel inte beh\u00f6vs f\u00f6r att kunna h\u00e4nga med p\u00e5 lektionen. <\/p>\n\n\n\n<p>Eleven inf\u00f6rskaffar kurslitteraturen p\u00e5 egen hand.<\/p>\n\n\n\n<h2 class=\"wp-block-heading has-text-color\" style=\"color:#23627d;font-size:23px\">Kostnad <\/h2>\n\n\n\n<div style=\"height:5px\" aria-hidden=\"true\" class=\"wp-block-spacer\"><\/div>\n\n\n\n<p>Teorikursen kostar 20 400 kr exklusive b\u00f6cker. I kursavgiften ing\u00e5r medlemsavgift i Link\u00f6pings Flygklubb f\u00f6r 2025.<\/p>\n\n\n\n<p><strong>Kurslitteratur:<\/strong><\/p>\n\n\n\n<ul class=\"wp-block-list\">\n<li>Padpilot (EASA CBIR 2021) &#8211; 2 583 kr<\/li>\n\n\n\n<li>Jeppesen General Student Route Manual &#8211; 1 200 kr (kan k\u00f6pas in av skolan)<\/li>\n<\/ul>\n\n\n\n<p class=\"has-black-color has-text-color\">Avgiften f\u00f6r teoriexamination hos Transportstyrelsen \u00e4r 9 100 kr och ing\u00e5r inte i kursavgiften.<\/p>\n\n\n\n<h2 class=\"wp-block-heading has-text-color\" style=\"color:#23627d;font-size:23px\">Antagningsvillkor<\/h2>\n\n\n\n<div style=\"height:5px\" aria-hidden=\"true\" class=\"wp-block-spacer\"><\/div>\n\n\n\n<p>F\u00f6r att p\u00e5b\u00f6rja den teoretiska utbildningen m\u00e5ste du ha:<\/p>\n\n\n\n<ul class=\"wp-block-list\">\n<li>ett giltigt PPL (A) eller CPL(A)<\/li>\n\n\n\n<li>god f\u00f6rm\u00e5ga att l\u00e4sa, skriva och kommunicera p\u00e5 engelska och en spr\u00e5kbeh\u00f6righet i engelska med l\u00e4gst niv\u00e5 4.<\/li>\n<\/ul>\n\n\n\n<h2 class=\"wp-block-heading has-text-color\" style=\"color:#23627d;font-size:23px\">Anm\u00e4lan<\/h2>\n\n\n\n<div style=\"height:5px\" aria-hidden=\"true\" class=\"wp-block-spacer\"><\/div>\n\n\n\n<p>Sista <span style=\"color: #ff0000;\"><mark style=\"background-color:rgba(0, 0, 0, 0)\" class=\"has-inline-color has-black-color\">anm\u00e4lningsdatum \u00e4r onsdagen den 9 januari 202<\/mark><\/span>5, d\u00e4refter i m\u00e5n av plats.<\/p>\n\n\n\n<p>Du anm\u00e4ler dig till kursen genom att fylla i anm\u00e4lningsblanketten nedan och skicka den till <span style=\"color: #000000;\">skolchef@lfk.se.<\/span><\/p>\n\n\n\n<p><span style=\"color: #ff0000;\"><span class=\"has-inline-color has-black-color\"><strong>Kopia p\u00e5 certifikat ska bifogas med anm\u00e4lan.<\/strong><\/span><\/span><\/p>\n\n\n\n<div class=\"wp-block-group\"><div class=\"wp-block-group__inner-container is-layout-flow wp-block-group-is-layout-flow\"><\/div><\/div>\n\n\n\n<div class=\"wp-block-file\"><a id=\"wp-block-file--media-3ed36678-cea2-458d-9a1f-481d9d6e17f4\" href=\"https:\/\/www.lfk.se\/wp-content\/uploads\/2024\/11\/Anmalningsblankett-2025-1.xlsx\">Anm\u00e4lningsblankett 2025<\/a><a href=\"https:\/\/www.lfk.se\/wp-content\/uploads\/2024\/11\/Anmalningsblankett-2025-1.xlsx\" <=\"\" p=\"\"><\/a><\/div>\n\n\n\n<p>N\u00e4r du har skickat in anm\u00e4lningsblanketten f\u00e5r du s\u00e5 fort som m\u00f6jligt en bekr\u00e4ftelse p\u00e5 att vi har tagit emot din anm\u00e4lan samt information om hur du ska g\u00e5 till v\u00e4ga f\u00f6r att betala kursen. Anm\u00e4lningar som kommer in mellan den 21 december och den 7 januari kommer inte att bekr\u00e4ftas f\u00f6rr\u00e4n den 8 januari. Kursavgiften samt eventuell kostnad f\u00f6r kurslitteratur ska vara betald senast m\u00e5ndagen den 13 januari. Om kursavgiften inte betalas in i tid kan platsen \u00f6verl\u00e5tas till n\u00e5gon annan.<\/p>\n\n\n\n<h2 class=\"wp-block-heading has-text-color\" style=\"color:#23627d;font-size:23px\">Fr\u00e5gor<\/h2>\n\n\n\n<div style=\"height:5px\" aria-hidden=\"true\" class=\"wp-block-spacer\"><\/div>\n\n\n\n<p>F\u00f6r mer information kontakt g\u00e4rna skolchefen Jonna Johansson p\u00e5 skolchef@lfk.se eller 070-587 73 81 <\/p>\n\n\n\n<div style=\"height:5px\" aria-hidden=\"true\" class=\"wp-block-spacer\"><\/div>\n\n\n\n<hr class=\"wp-block-separator has-text-color has-css-opacity has-background is-style-wide\" style=\"background-color:#23627d;color:#23627d\"\/>\n\n\n\n<p class=\"has-text-align-center\" style=\"font-size:14px\"><em>Senast uppdaterad: 2025-11-05<\/em><\/p>\n","protected":false},"excerpt":{"rendered":"<p>V\u00e5r n\u00e4sta CBIR\/BIR-kurs startar h\u00f6sten 2026! Informationen nedan g\u00e4ller f\u00f6r kursen som startade i januari 2025. V\u00e5r f\u00f6rhoppning \u00e4r att starta en ny kurs under senare delen av h\u00f6sten 2026 och hemsidan kommer att uppdateras med aktuella datum och priser efter sommaren. Kursens uppl\u00e4gg kommer i princip vara detsamma som f\u00f6r 2025 men vi kommer f\u00f6rmodligen k\u00f6ra tv\u00e5 helger under h\u00f6sten och tre helger under v\u00e5ren. V\u00e5r IR-kurs riktar sig till privatflygare som vill ha en instrumentbeh\u00f6righet. Det finns tv\u00e5 olika IR-beh\u00f6righeter vilka skiljer sig \u00e5t g\u00e4llande befogenheter och utbildningstid. Om du g\u00e5r v\u00e5r teorikurs kan du allts\u00e5 v\u00e4lja om du vill ta en Competency Based Instrument Rating (CBIR) eller en Basic Instrument Rating (BIR). Vilken typ av IR-beh\u00f6righet du vill ha beh\u00f6ver du inte best\u00e4mma f\u00f6rr\u00e4n du p\u00e5b\u00f6rjar den teoretiska examinationen. Kursens uppl\u00e4gg Teorikursen bedrivs i form av klassrumsundervisning och omfattar 90 timmar l\u00e4rarledda lektioner f\u00f6rdelat p\u00e5 fem l\u00e5nghelger\u2026 <a class=\"continue-reading-link\" href=\"https:\/\/www.lfk.se\/?page_id=345\">L\u00e4s mer<\/a><\/p>\n","protected":false},"author":1,"featured_media":0,"parent":56,"menu_order":10,"comment_status":"closed","ping_status":"open","template":"templates\/template-onecolumn.php","meta":{"footnotes":""},"class_list":["post-345","page","type-page","status-publish","hentry"],"_links":{"self":[{"href":"https:\/\/www.lfk.se\/index.php?rest_route=\/wp\/v2\/pages\/345","targetHints":{"allow":["GET"]}}],"collection":[{"href":"https:\/\/www.lfk.se\/index.php?rest_route=\/wp\/v2\/pages"}],"about":[{"href":"https:\/\/www.lfk.se\/index.php?rest_route=\/wp\/v2\/types\/page"}],"author":[{"embeddable":true,"href":"https:\/\/www.lfk.se\/index.php?rest_route=\/wp\/v2\/users\/1"}],"replies":[{"embeddable":true,"href":"https:\/\/www.lfk.se\/index.php?rest_route=%2Fwp%2Fv2%2Fcomments&post=345"}],"version-history":[{"count":123,"href":"https:\/\/www.lfk.se\/index.php?rest_route=\/wp\/v2\/pages\/345\/revisions"}],"predecessor-version":[{"id":38375,"href":"https:\/\/www.lfk.se\/index.php?rest_route=\/wp\/v2\/pages\/345\/revisions\/38375"}],"up":[{"embeddable":true,"href":"https:\/\/www.lfk.se\/index.php?rest_route=\/wp\/v2\/pages\/56"}],"wp:attachment":[{"href":"https:\/\/www.lfk.se\/index.php?rest_route=%2Fwp%2Fv2%2Fmedia&parent=345"}],"curies":[{"name":"wp","href":"https:\/\/api.w.org\/{rel}","templated":true}]}}