{"id":35404,"date":"2019-11-28T19:22:55","date_gmt":"2019-11-28T18:22:55","guid":{"rendered":"http:\/\/www.lfk.se\/?page_id=35404"},"modified":"2025-08-08T21:52:59","modified_gmt":"2025-08-08T19:52:59","slug":"ato","status":"publish","type":"page","link":"https:\/\/www.lfk.se\/?page_id=35404","title":{"rendered":"ATO"},"content":{"rendered":"\n<p>LFK Air Training Organisation SE-ATO-018<\/p>\n\n\n\n<h2 class=\"wp-block-heading\">Compliance f\u00f6r LFK ATO<\/h2>\n\n\n\n<p>LFK flygskola \u00e4r en s.k. Approved Training Organisation (ATO), dvs. den mer avancerade typen av flygutbildningsorganisationer som finns inom EASA-systemet (jfr DTO). Som s\u00e5dan m\u00e5ste organisationen \u00f6vervaka att man f\u00f6ljer g\u00e4llande regelverk, s\u00e5v\u00e4l EASA-regler som nationella regler och inte minst organisationens egna regler. Compliance-systemet, eller Compliance Monitoring System (CMS) \u00e4r en sorts internrevision med sikte p\u00e5 regelefterlevnad. <a href=\"http:\/\/www.lfk.se\/wp-content\/uploads\/2019\/02\/CMS-utbildning.pdf\">Kortkurs i LFK CMS finns h\u00e4r.<\/a><\/p>\n\n\n\n<h2 class=\"wp-block-heading\">ATO \u00c5rshjul<\/h2>\n\n\n\n<p>ATO-\u00e5rshjul med f\u00f6rtydligande samt mall f\u00f6r Management of change i <a href=\"http:\/\/www.lfk.se\/wp-content\/uploads\/2020\/02\/LFK-ATO-\u00e5rshjul.pptx\">PowerPoint<\/a>.<\/p>\n\n\n\n<h2 class=\"wp-block-heading\">S\u00e4kerhetsarbete<\/h2>\n\n\n\n<p><a href=\"https:\/\/www.lfk.se\/wp-content\/uploads\/2025\/08\/Sakerhetspolicy_2024.pdf\">LFK s\u00e4kerhetspolicy<\/a><\/p>\n\n\n\n<p><a href=\"https:\/\/www.lfk.se\/?page_id=32298\" data-type=\"page\" data-id=\"32298\">Krisberedskap och s\u00e4kerhetsrapportering<\/a><\/p>\n\n\n\n<p><a href=\"http:\/\/www.lfk.se\/wp-content\/uploads\/2020\/01\/S\u00e4kerhetsarbete-beskrivning.pdf\">S\u00e4kerhetsarbetet p\u00e5 ATO beskrivs h\u00e4r.<\/a><\/p>\n\n\n\n<p><\/p>\n","protected":false},"excerpt":{"rendered":"<p>LFK Air Training Organisation SE-ATO-018 Compliance f\u00f6r LFK ATO LFK flygskola \u00e4r en s.k. Approved Training Organisation (ATO), dvs. den mer avancerade typen av flygutbildningsorganisationer som finns inom EASA-systemet (jfr DTO). Som s\u00e5dan m\u00e5ste organisationen \u00f6vervaka att man f\u00f6ljer g\u00e4llande regelverk, s\u00e5v\u00e4l EASA-regler som nationella regler och inte minst organisationens egna regler. Compliance-systemet, eller Compliance Monitoring System (CMS) \u00e4r en sorts internrevision med sikte p\u00e5 regelefterlevnad. Kortkurs i LFK CMS finns h\u00e4r. ATO \u00c5rshjul ATO-\u00e5rshjul med f\u00f6rtydligande samt mall f\u00f6r Management of change i PowerPoint. S\u00e4kerhetsarbete LFK s\u00e4kerhetspolicy Krisberedskap och s\u00e4kerhetsrapportering S\u00e4kerhetsarbetet p\u00e5 ATO beskrivs h\u00e4r. <a class=\"continue-reading-link\" href=\"https:\/\/www.lfk.se\/?page_id=35404\">L\u00e4s mer<\/a><\/p>\n","protected":false},"author":6,"featured_media":0,"parent":0,"menu_order":0,"comment_status":"closed","ping_status":"closed","template":"templates\/template-onecolumn.php","meta":{"footnotes":""},"class_list":["post-35404","page","type-page","status-publish","hentry"],"_links":{"self":[{"href":"https:\/\/www.lfk.se\/index.php?rest_route=\/wp\/v2\/pages\/35404","targetHints":{"allow":["GET"]}}],"collection":[{"href":"https:\/\/www.lfk.se\/index.php?rest_route=\/wp\/v2\/pages"}],"about":[{"href":"https:\/\/www.lfk.se\/index.php?rest_route=\/wp\/v2\/types\/page"}],"author":[{"embeddable":true,"href":"https:\/\/www.lfk.se\/index.php?rest_route=\/wp\/v2\/users\/6"}],"replies":[{"embeddable":true,"href":"https:\/\/www.lfk.se\/index.php?rest_route=%2Fwp%2Fv2%2Fcomments&post=35404"}],"version-history":[{"count":24,"href":"https:\/\/www.lfk.se\/index.php?rest_route=\/wp\/v2\/pages\/35404\/revisions"}],"predecessor-version":[{"id":38335,"href":"https:\/\/www.lfk.se\/index.php?rest_route=\/wp\/v2\/pages\/35404\/revisions\/38335"}],"wp:attachment":[{"href":"https:\/\/www.lfk.se\/index.php?rest_route=%2Fwp%2Fv2%2Fmedia&parent=35404"}],"curies":[{"name":"wp","href":"https:\/\/api.w.org\/{rel}","templated":true}]}}