{"id":365,"date":"2014-02-16T13:43:11","date_gmt":"2014-02-16T12:43:11","guid":{"rendered":"http:\/\/www.lfk.se\/?page_id=365"},"modified":"2019-11-28T21:20:35","modified_gmt":"2019-11-28T20:20:35","slug":"se-keg-renovering","status":"publish","type":"page","link":"https:\/\/www.lfk.se\/?page_id=365","title":{"rendered":"SE-KEG Renovering"},"content":{"rendered":"<p><strong>Bakgrund<img loading=\"lazy\" decoding=\"async\" class=\"size-medium wp-image-369 alignright\" src=\"http:\/\/www.lfk.se\/wp-content\/uploads\/2014\/02\/se-keg-300x199.jpg\" alt=\"KEG\" width=\"300\" height=\"199\" srcset=\"https:\/\/www.lfk.se\/wp-content\/uploads\/2014\/02\/se-keg-300x199.jpg 300w, https:\/\/www.lfk.se\/wp-content\/uploads\/2014\/02\/se-keg-225x150.jpg 225w, https:\/\/www.lfk.se\/wp-content\/uploads\/2014\/02\/se-keg-150x99.jpg 150w, https:\/\/www.lfk.se\/wp-content\/uploads\/2014\/02\/se-keg.jpg 500w\" sizes=\"auto, (max-width: 300px) 100vw, 300px\" \/><br \/>\n<\/strong>Vi \u00e4r en grupp medlemmar som f\u00e5tt styrelsens godk\u00e4nnande f\u00f6r att h\u00e5lla v\u00e5r k\u00e4ra Cub i flygbart skick.\u00a0 En st\u00f6rre renovering \u00e4r n\u00f6dv\u00e4ndig och f\u00f6r att inte detta ska dra med sig kostnader l\u00e5ngt \u00f6ver v\u00e4rdet av maskinen vi g\u00f6ra det med ideella krafter. S\u00e5 f\u00e5r vi som bonus ett projekt att bygga klubbanda runt!<\/p>\n<p>Sammanh\u00e5llande f\u00f6r renoveringen \u00e4r Lars Theodorsson. Kontakta g\u00e4rna Lars f\u00f6r ytterligare information. Vi beh\u00f6ver all hj\u00e4lp vi kan f\u00e5 med renoveringen.<\/p>\n<p>Den tidigare KEG-bloggen \u00e4r nu ihopslagen med Kontakten som du finner i menyn ovan. V\u00e4lj bara kategori &#8221;<a href=\"http:\/\/www.lfk.se\/?cat=115\">SE-KEG<\/a>&#8221;.<\/p>\n","protected":false},"excerpt":{"rendered":"<p>Bakgrund Vi \u00e4r en grupp medlemmar som f\u00e5tt styrelsens godk\u00e4nnande f\u00f6r att h\u00e5lla v\u00e5r k\u00e4ra Cub i flygbart skick.\u00a0 En st\u00f6rre renovering \u00e4r n\u00f6dv\u00e4ndig och f\u00f6r att inte detta ska dra med sig kostnader l\u00e5ngt \u00f6ver v\u00e4rdet av maskinen vi g\u00f6ra det med ideella krafter. S\u00e5 f\u00e5r vi som bonus ett projekt att bygga klubbanda runt! Sammanh\u00e5llande f\u00f6r renoveringen \u00e4r Lars Theodorsson. Kontakta g\u00e4rna Lars f\u00f6r ytterligare information. Vi beh\u00f6ver all hj\u00e4lp vi kan f\u00e5 med renoveringen. Den tidigare KEG-bloggen \u00e4r nu ihopslagen med Kontakten som du finner i menyn ovan. V\u00e4lj bara kategori &#8221;SE-KEG&#8221;. <a class=\"continue-reading-link\" href=\"https:\/\/www.lfk.se\/?page_id=365\">L\u00e4s mer<\/a><\/p>\n","protected":false},"author":1,"featured_media":0,"parent":58,"menu_order":3,"comment_status":"closed","ping_status":"open","template":"templates\/template-onecolumn.php","meta":{"footnotes":""},"class_list":["post-365","page","type-page","status-publish","hentry"],"_links":{"self":[{"href":"https:\/\/www.lfk.se\/index.php?rest_route=\/wp\/v2\/pages\/365","targetHints":{"allow":["GET"]}}],"collection":[{"href":"https:\/\/www.lfk.se\/index.php?rest_route=\/wp\/v2\/pages"}],"about":[{"href":"https:\/\/www.lfk.se\/index.php?rest_route=\/wp\/v2\/types\/page"}],"author":[{"embeddable":true,"href":"https:\/\/www.lfk.se\/index.php?rest_route=\/wp\/v2\/users\/1"}],"replies":[{"embeddable":true,"href":"https:\/\/www.lfk.se\/index.php?rest_route=%2Fwp%2Fv2%2Fcomments&post=365"}],"version-history":[{"count":11,"href":"https:\/\/www.lfk.se\/index.php?rest_route=\/wp\/v2\/pages\/365\/revisions"}],"predecessor-version":[{"id":35430,"href":"https:\/\/www.lfk.se\/index.php?rest_route=\/wp\/v2\/pages\/365\/revisions\/35430"}],"up":[{"embeddable":true,"href":"https:\/\/www.lfk.se\/index.php?rest_route=\/wp\/v2\/pages\/58"}],"wp:attachment":[{"href":"https:\/\/www.lfk.se\/index.php?rest_route=%2Fwp%2Fv2%2Fmedia&parent=365"}],"curies":[{"name":"wp","href":"https:\/\/api.w.org\/{rel}","templated":true}]}}