{"id":4031,"date":"2014-03-25T20:56:35","date_gmt":"2014-03-25T19:56:35","guid":{"rendered":"http:\/\/www.lfk.se\/?page_id=4031"},"modified":"2025-09-16T20:31:35","modified_gmt":"2025-09-16T18:31:35","slug":"provlektion-spaka-sjalv","status":"publish","type":"page","link":"https:\/\/www.lfk.se\/?page_id=4031","title":{"rendered":"Provlektion (spaka-sj\u00e4lv)"},"content":{"rendered":"<div class=\"alignright\" style=\"width: 300px; height: 550px; border: 2px solid black; box-shadow: 0 0 1px 0 rgba(0, 0, 0, 0.2); background-image: url('https:\/\/www.lfk.se\/wp-content\/uploads\/2021\/03\/provlektion.png');\">\n<form style=\"padding: 15px; margin-top: 300px;\" action=\"https:\/\/toolbox.lfk.se\/stripe\/initiatePayment\" method=\"POST\"><label for=\"firstname\"><\/label><input id=\"firstname\" style=\"width: 250px; display: block; margin: 5px auto;\" maxlength=\"20\" name=\"firstname\" required=\"\" type=\"text\" placeholder=\"F\u00f6rnamn\" \/><label for=\"lastname\"><\/label><input style=\"width: 250px; display: block; margin: 5px auto;\" maxlength=\"20\" name=\"lastname\" required=\"\" type=\"text\" placeholder=\"Efternamn\" \/><label for=\"email\"><\/label><input id=\"email\" style=\"width: 250px; display: block; margin: 5px auto;\" name=\"email\" required=\"\" type=\"email\" placeholder=\"Email\" \/><br \/>\n<input style=\"width: 200px; height: 40px; font-size: 20px; margin: 25px auto; display: block;\" alt=\"Betala\" disabled=\"disabled\" type=\"submit\" value=\"BETALA\" \/><\/form>\n<\/div>\n<p><span style=\"color: #ff0000;\"><strong>Det \u00e4r f\u00f6r n\u00e4rvarande inte m\u00f6jligt att k\u00f6pa provlektioner. Vi ber om urs\u00e4kt f\u00f6r det intr\u00e4ffade.<\/strong><\/span><\/p>\n<p><strong>Nyfiken p\u00e5 att l\u00e4ra dig flyga? En provlektion ger dig en inblick i hur en flyglektion g\u00e5r till f\u00f6r skolans elever och du f\u00e5r spaka sj\u00e4lv under stora delar av flygpasset.<\/strong><strong> Provlektionen, f\u00f6r ca 1,5 h med l\u00e4rare (varav cirka 30 minuter i luften), kostar 1950 kr.<\/strong><\/p>\n<p><strong>\u00c4r du mer intresserad av en introduktion i flygning och kanske se ditt hus fr\u00e5n ovan, d\u00e5 erbjuder vi en <a href=\"http:\/\/www.lfk.se\/?page_id=34136\">introduktionsflygning<\/a> (30 minuter i luften), f\u00f6r 1200 kr.<\/strong><\/p>\n<h3><strong>Provlektion<\/strong><\/h3>\n<p>Innan flygningen f\u00e5r du en briefing d\u00e4r l\u00e4raren g\u00e5r igenom flygningens grundprinciper.<\/p>\n<p>Tiden fr\u00e5n provlektionen kan tillgodor\u00e4knas timmarna du beh\u00f6ver f\u00f6r ditt certifikat.<\/p>\n<p>Totalt med markundervisning f\u00f6re och efter tar det ca 2 timmar, flygtiden blir cirka 30 minuter. Normalt bokas passet under m\u00e5ndag-fredag 8-17. Medf\u00f6ljande s\u00e4llskap \u00e4r v\u00e4lkomna att ta en kopp kaffe i klubbstugan. <strong>Endast den som tar provlektionen f\u00f6ljer med i flygplanet.<\/strong><\/p>\n<h3><strong>Hur fungerar det?<\/strong><\/h3>\n<p>Fyll i namn och e-postadress i formul\u00e4ret till h\u00f6ger. Klicka sedan p\u00e5 betalknappen under. D\u00e5 skickas du till v\u00e5r samarbetspartner Stripe som hanterar sj\u00e4lva betalningen. Du kan v\u00e4lja att betala med de vanligaste betals\u00e4tten.<\/p>\n<p>N\u00e4r transaktionen blivit verifierad f\u00e5r du ett mail med ytterligare information om hur du bokar in din provlektion. <strong>OBS: Det h\u00e4nder ibland att instruktionsmailet fastnar i kunders skr\u00e4ppostfilter. Kolla d\u00e4rf\u00f6r skr\u00e4ppostmappen efter genomf\u00f6rt k\u00f6p.<\/strong><\/p>\n<p>Vill du hellre betala p\u00e5 &#8221;konventionellt&#8221; vis? Inga problem, kontakta oss via mail s\u00e5 l\u00f6ser vi det.<\/p>\n<h3><strong>Betalningsvillkor<\/strong><\/h3>\n<ul>\n<li>Alla priser inklusive moms<\/li>\n<li>Giltighetstid 2\u00a0\u00e5r<\/li>\n<li>\u00c5ngerr\u00e4tt 14 dagar. Kontakta sales@lfk.se\u00a0om du mot f\u00f6rmodan \u00e5ngrar ditt k\u00f6p.<\/li>\n<\/ul>\n","protected":false},"excerpt":{"rendered":"<p>Det \u00e4r f\u00f6r n\u00e4rvarande inte m\u00f6jligt att k\u00f6pa provlektioner. Vi ber om urs\u00e4kt f\u00f6r det intr\u00e4ffade. Nyfiken p\u00e5 att l\u00e4ra dig flyga? En provlektion ger dig en inblick i hur en flyglektion g\u00e5r till f\u00f6r skolans elever och du f\u00e5r spaka sj\u00e4lv under stora delar av flygpasset. Provlektionen, f\u00f6r ca 1,5 h med l\u00e4rare (varav cirka 30 minuter i luften), kostar 1950 kr. \u00c4r du mer intresserad av en introduktion i flygning och kanske se ditt hus fr\u00e5n ovan, d\u00e5 erbjuder vi en introduktionsflygning (30 minuter i luften), f\u00f6r 1200 kr. Provlektion Innan flygningen f\u00e5r du en briefing d\u00e4r l\u00e4raren g\u00e5r igenom flygningens grundprinciper. Tiden fr\u00e5n provlektionen kan tillgodor\u00e4knas timmarna du beh\u00f6ver f\u00f6r ditt certifikat. Totalt med markundervisning f\u00f6re och efter tar det ca 2 timmar, flygtiden blir cirka 30 minuter. Normalt bokas passet under m\u00e5ndag-fredag 8-17. Medf\u00f6ljande s\u00e4llskap \u00e4r v\u00e4lkomna att ta en kopp kaffe i klubbstugan. Endast den\u2026 <a class=\"continue-reading-link\" href=\"https:\/\/www.lfk.se\/?page_id=4031\">L\u00e4s mer<\/a><\/p>\n","protected":false},"author":1,"featured_media":0,"parent":56,"menu_order":1,"comment_status":"closed","ping_status":"closed","template":"templates\/template-onecolumn.php","meta":{"footnotes":""},"class_list":["post-4031","page","type-page","status-publish","hentry"],"_links":{"self":[{"href":"https:\/\/www.lfk.se\/index.php?rest_route=\/wp\/v2\/pages\/4031","targetHints":{"allow":["GET"]}}],"collection":[{"href":"https:\/\/www.lfk.se\/index.php?rest_route=\/wp\/v2\/pages"}],"about":[{"href":"https:\/\/www.lfk.se\/index.php?rest_route=\/wp\/v2\/types\/page"}],"author":[{"embeddable":true,"href":"https:\/\/www.lfk.se\/index.php?rest_route=\/wp\/v2\/users\/1"}],"replies":[{"embeddable":true,"href":"https:\/\/www.lfk.se\/index.php?rest_route=%2Fwp%2Fv2%2Fcomments&post=4031"}],"version-history":[{"count":79,"href":"https:\/\/www.lfk.se\/index.php?rest_route=\/wp\/v2\/pages\/4031\/revisions"}],"predecessor-version":[{"id":38351,"href":"https:\/\/www.lfk.se\/index.php?rest_route=\/wp\/v2\/pages\/4031\/revisions\/38351"}],"up":[{"embeddable":true,"href":"https:\/\/www.lfk.se\/index.php?rest_route=\/wp\/v2\/pages\/56"}],"wp:attachment":[{"href":"https:\/\/www.lfk.se\/index.php?rest_route=%2Fwp%2Fv2%2Fmedia&parent=4031"}],"curies":[{"name":"wp","href":"https:\/\/api.w.org\/{rel}","templated":true}]}}