{"id":404,"date":"2014-03-13T00:38:17","date_gmt":"2014-03-12T23:38:17","guid":{"rendered":"http:\/\/www.lfk.se\/?page_id=404"},"modified":"2023-08-31T21:31:18","modified_gmt":"2023-08-31T19:31:18","slug":"fardplanerare","status":"publish","type":"page","link":"https:\/\/www.lfk.se\/?page_id=404","title":{"rendered":"F\u00e4rdplanerare"},"content":{"rendered":"<p>Link\u00f6pings Flygklubbs f\u00e4rdplanerare hittas p\u00e5 <a href=\"http:\/\/fpl.lfk.se\">http:\/\/fpl.lfk.se.<\/a> D\u00e4r kan man planera sin resa, med m\u00f6jlighet att skapa &#8221;alternativa rutter&#8221;, g\u00f6ra &#8221;user waypoints&#8221;, visa &#8221;intersections&#8221; p\u00e5 kartan med mera. N\u00e5gra kortkommandon finns ocks\u00e5 som \u00e4r bra att k\u00e4nna till:<\/p>\n<ul>\n<li>L\u00e4gg till ny waypoint i kartan: SHIFT+LMB (Left Mouse Button)<\/li>\n<li>Flytta markerad waypoint till en annan: ALT+LMB (Left Mouse Button)<\/li>\n<\/ul>\n<p>Medlemmar i LFK kan logga in med samma uppgifter som till myWebLog (men utan 63-) och f\u00e5r d\u00e5 m\u00f6jlighet att spara\/ladda f\u00e4rdplaner, skapa egna waypoints och lite annat. Vikt och balansber\u00e4knaren i f\u00e4rdplaneraren har inte uppdaterats p\u00e5 ett tag, s\u00e5 v\u00e5ra nyaste flygplan saknas d\u00e4r. En nyare variant av vikt- och balansverktyg med samtliga v\u00e5ra flygplan har utvecklats av Oskar Lindstr\u00f6m och finns h\u00e4r: <a href=\"https:\/\/fpl.radz.se\/\">https:\/\/fpl.radz.se\/<\/a> .<\/p>\n<p>Sj\u00e4lva f\u00e4rdplaneraren \u00e4r utvecklad av LFK-medlemmen Stefan Wallstr\u00f6m. Eventuella fr\u00e5gor, buggrapporter och liknande skickas till fpl@lfk.se.<\/p>\n","protected":false},"excerpt":{"rendered":"<p>Link\u00f6pings Flygklubbs f\u00e4rdplanerare hittas p\u00e5 http:\/\/fpl.lfk.se. D\u00e4r kan man planera sin resa, med m\u00f6jlighet att skapa &#8221;alternativa rutter&#8221;, g\u00f6ra &#8221;user waypoints&#8221;, visa &#8221;intersections&#8221; p\u00e5 kartan med mera. N\u00e5gra kortkommandon finns ocks\u00e5 som \u00e4r bra att k\u00e4nna till: L\u00e4gg till ny waypoint i kartan: SHIFT+LMB (Left Mouse Button) Flytta markerad waypoint till en annan: ALT+LMB (Left Mouse Button) Medlemmar i LFK kan logga in med samma uppgifter som till myWebLog (men utan 63-) och f\u00e5r d\u00e5 m\u00f6jlighet att spara\/ladda f\u00e4rdplaner, skapa egna waypoints och lite annat. Vikt och balansber\u00e4knaren i f\u00e4rdplaneraren har inte uppdaterats p\u00e5 ett tag, s\u00e5 v\u00e5ra nyaste flygplan saknas d\u00e4r. En nyare variant av vikt- och balansverktyg med samtliga v\u00e5ra flygplan har utvecklats av Oskar Lindstr\u00f6m och finns h\u00e4r: https:\/\/fpl.radz.se\/ . Sj\u00e4lva f\u00e4rdplaneraren \u00e4r utvecklad av LFK-medlemmen Stefan Wallstr\u00f6m. Eventuella fr\u00e5gor, buggrapporter och liknande skickas till fpl@lfk.se. <a class=\"continue-reading-link\" href=\"https:\/\/www.lfk.se\/?page_id=404\">L\u00e4s mer<\/a><\/p>\n","protected":false},"author":1,"featured_media":0,"parent":0,"menu_order":5,"comment_status":"closed","ping_status":"open","template":"templates\/template-onecolumn.php","meta":{"footnotes":""},"class_list":["post-404","page","type-page","status-publish","hentry"],"_links":{"self":[{"href":"https:\/\/www.lfk.se\/index.php?rest_route=\/wp\/v2\/pages\/404","targetHints":{"allow":["GET"]}}],"collection":[{"href":"https:\/\/www.lfk.se\/index.php?rest_route=\/wp\/v2\/pages"}],"about":[{"href":"https:\/\/www.lfk.se\/index.php?rest_route=\/wp\/v2\/types\/page"}],"author":[{"embeddable":true,"href":"https:\/\/www.lfk.se\/index.php?rest_route=\/wp\/v2\/users\/1"}],"replies":[{"embeddable":true,"href":"https:\/\/www.lfk.se\/index.php?rest_route=%2Fwp%2Fv2%2Fcomments&post=404"}],"version-history":[{"count":6,"href":"https:\/\/www.lfk.se\/index.php?rest_route=\/wp\/v2\/pages\/404\/revisions"}],"predecessor-version":[{"id":37819,"href":"https:\/\/www.lfk.se\/index.php?rest_route=\/wp\/v2\/pages\/404\/revisions\/37819"}],"wp:attachment":[{"href":"https:\/\/www.lfk.se\/index.php?rest_route=%2Fwp%2Fv2%2Fmedia&parent=404"}],"curies":[{"name":"wp","href":"https:\/\/api.w.org\/{rel}","templated":true}]}}