{"id":56,"date":"2014-01-17T15:59:52","date_gmt":"2014-01-17T14:59:52","guid":{"rendered":"http:\/\/luff.studorg.liu.se\/LFK\/hemsida\/?page_id=56"},"modified":"2023-09-19T09:41:15","modified_gmt":"2023-09-19T07:41:15","slug":"flygutbildning-2","status":"publish","type":"page","link":"https:\/\/www.lfk.se\/?page_id=56","title":{"rendered":"Flygutbildning &#8211; LFK"},"content":{"rendered":"\n<h2 class=\"wp-block-heading has-text-color\" style=\"color:#23627d\">Vill du l\u00e4ra dig flyga eller vill du ta ditt flygande till en ny niv\u00e5?<\/h2>\n\n\n\n<div style=\"height:1px\" aria-hidden=\"true\" class=\"wp-block-spacer\"><\/div>\n\n\n\n<p>Link\u00f6pings Flygklubb (LFK) grundades 1933 och har utbildat piloter sedan 1935. V\u00e5ren 2005 hade vi gl\u00e4djen att f\u00e5 gratulera v\u00e5r 1000:e pilot. Vi har utbildat m\u00e5nga fler sedan dess och har ett bra utbud av utbildningar som dels kan ge den flygintresserade egna vingar men \u00e4ven vidareutveckla flygandet hos de piloter som vill l\u00e4ra sig n\u00e5got nytt. Nedan f\u00f6ljer en kortfattad beskrivning av de utbildningar som vi erbjuder hos Link\u00f6pings Flygklubb.<\/p>\n\n\n\n<div style=\"height:1px\" aria-hidden=\"true\" class=\"wp-block-spacer\"><\/div>\n\n\n\n<hr class=\"wp-block-separator has-text-color has-css-opacity has-background is-style-wide\" style=\"background-color:#23627d;color:#23627d\"\/>\n\n\n\n<h2 class=\"wp-block-heading has-text-color\" style=\"color:#23637d;font-size:23px\">Grundutbildning<\/h2>\n\n\n\n<div style=\"height:5px\" aria-hidden=\"true\" class=\"wp-block-spacer\"><\/div>\n\n\n\n<p class=\"has-black-color has-text-color has-normal-font-size\">F\u00f6r att kunna flyga m\u00e5ste du b\u00f6rja med att ta ett flygcertifikat. Hos oss kan du v\u00e4lja mellan att ta ett LAPL eller ett PPL. B\u00e5da certifikaten ger dig beh\u00f6righet att flyga enmotoriga kolvmotorflygplan f\u00f6r privata \u00e4ndam\u00e5l. Flygningen m\u00e5ste utf\u00f6ras enligt VFR (Visual Flight Rules) dagtid. VFR inneb\u00e4r att du inte f\u00e5r flyga i moln eller med alltf\u00f6r d\u00e5lig sikt. Den teoretiska utbildningen \u00e4r densamma f\u00f6r b\u00e5da certifikaten men den praktiska utbildningen skiljer sig lite g\u00e4llande inneh\u00e5ll och flygtid. Du m\u00e5ste vara minst 17 \u00e5r f\u00f6r att ta ett flygcertifikat.<\/p>\n\n\n\n<p><strong>LAPL (Light Aircraft Pilot License)<\/strong><br>Detta \u00e4r ett europeiskt certifikat som p\u00e5 svenska heter &#8221;Flygcertifikat f\u00f6r l\u00e4tta luftfartyg&#8221;. Med ett LAPL f\u00e5r du flyga flygplan som v\u00e4ger max 2000 kg och du f\u00e5r ta med max tre passagerare. Den praktiska utbildningen \u00e4r n\u00e5got kortare \u00e4n den f\u00f6r ett PPL vilket g\u00f6r det lite billigare att ta ett LAPL. N\u00e4r du har f\u00e5tt ditt LAPL m\u00e5ste du flyga 10 timmar p\u00e5 egen hand innan du f\u00e5r ta med passagerare.<\/p>\n\n\n\n<p><strong>PPL (Private Pilot License)<\/strong><br>Med ett privatflygarcertifikat f\u00e5r du flyga flygplan som v\u00e4ger max 5700 kg och du f\u00e5r ta med fler \u00e4n tre passagerare. Ett PPL uppfyller kraven enligt internationell standard och du f\u00e5r flyga utanf\u00f6r Europa om du vill. <\/p>\n\n\n\n<h2 class=\"wp-block-heading has-text-color\" style=\"color:#23637d;font-size:23px\">P\u00e5byggnadsutbildning<\/h2>\n\n\n\n<div style=\"height:5px\" aria-hidden=\"true\" class=\"wp-block-spacer\"><\/div>\n\n\n\n<p>N\u00e4r du v\u00e4l har ditt flygcertifikat kan du l\u00e4gga till olika beh\u00f6righeter. Varje ny beh\u00f6righet kr\u00e4ver vidareutbildning och i vissa fall \u00e4ven ett nytt flygprov. <\/p>\n\n\n\n<p><strong>M\u00f6rkerbeh\u00f6righet<\/strong><br>Att l\u00e4ra sig flyga m\u00f6rker brukar vara ett naturligt f\u00f6rsta steg i att vidareutveckla sitt flygande. Utbildningen \u00e4r relativt kort och kr\u00e4ver inget flygprov. Med en m\u00f6rkerbeh\u00f6righet kan du flyga VFR m\u00f6rker och du beh\u00f6ver inte k\u00e4nna pressen att hinna hem innan det blir m\u00f6rkt i h\u00e4ndelse av f\u00f6rseningar.<\/p>\n\n\n\n<p><strong>Instrumentbeh\u00f6righet<\/strong><br>En instrumentbeh\u00f6righet ger dig m\u00f6jlighet att flyga enligt IFR (Instrument Flight Rules) vilket inneb\u00e4r att du f\u00e5r flyga i moln och beh\u00f6ver inte l\u00e4ngre ha den sikt som kr\u00e4vs f\u00f6r VFR. Du blir inte lika v\u00e4derberoende och du slipper kanske st\u00e4lla in flygningar d\u00e4r det finns risk f\u00f6r lite s\u00e4mre v\u00e4der. Som privatflygare finns det tv\u00e5 olika instrumentbeh\u00f6righeter att v\u00e4lja mellan, BIR eller CBIR. Vi erbjuder teoretisk utbildning f\u00f6r b\u00e5de BIR och CBIR men n\u00e4r den g\u00e4ller den praktiska utbildningen kan vi f\u00f6r tillf\u00e4llet bara utbilda till ett CBIR. Vi hoppas kunna komma ig\u00e5ng med den praktiska utbildningen f\u00f6r BIR under v\u00e5ren 2024.<\/p>\n\n\n\n<ul class=\"wp-block-list\">\n<li><span><b>CBIR (<\/b><span style=\"font-weight: 600;\">Competen<\/span><b>cy Based Instrument Rating)<\/b><\/span><br>En CBIR ger dig beh\u00f6righet att flyga i moln ner till ett minima p\u00e5 200 fot \u00f6ver marken och med endast 800 meter sikt i samband med landning. Det \u00e4r inte m\u00e5nga privatflygare som till\u00e4mpar dessa l\u00e5ga minima och man beh\u00f6ver vara i bra flygtrim f\u00f6r att ge sig p\u00e5 en inflygning i s\u00e5 d\u00e5ligt v\u00e4der. <\/li>\n<\/ul>\n\n\n\n<ul class=\"wp-block-list\">\n<li><span><b>BIR (Basic Instrument Rating)<\/b><\/span><br>En BIR ger dig beh\u00f6righet att flyga i moln men med h\u00f6gre minima g\u00e4llande sikt och molnbas i j\u00e4mf\u00f6relse med en CBIR. Sikten f\u00e5r inte vara s\u00e4mre \u00e4n 1500 m och molnbasen f\u00e5r vara l\u00e4gst 600 fot. Utbildningen \u00e4r kompetensbaserad och det finns inga krav p\u00e5 utbildningstid.<\/li>\n<\/ul>\n\n\n\n<p><strong>ROTE-utbildning<\/strong><br>En rote best\u00e5r av tv\u00e5 flygplan som flyger i formation. Roteettan leder formationen och rotetv\u00e5an har som uppgift att f\u00f6lja ettan i olika positioner med ett visst avst\u00e5nd. Att flyga rote i t\u00e4t formation kr\u00e4ver mycket tr\u00e4ningen men  lufthavet \u00e4r stort och det finns all m\u00f6jlighet att h\u00e5lla ordentligt avst\u00e5nd tills man k\u00e4nner sig bekv\u00e4m med att ligga lite n\u00e4rmare varandra. Detta \u00e4r en kul utbildning d\u00e4r du tr\u00e4nar p\u00e5 att flyga b\u00e5de som etta och tv\u00e5.<\/p>\n\n\n\n<div style=\"height:5px\" aria-hidden=\"true\" class=\"wp-block-spacer\"><\/div>\n\n\n\n<hr class=\"wp-block-separator has-text-color has-css-opacity has-background is-style-wide\" style=\"background-color:#23627d;color:#23627d\"\/>\n\n\n\n<div style=\"height:5px\" aria-hidden=\"true\" class=\"wp-block-spacer\"><\/div>\n\n\n\n<p class=\"has-normal-font-size\">Du hittar mer information om v\u00e5ra utbildningar p\u00e5 respektive sida.<\/p>\n\n\n\n<div class=\"wp-block-buttons is-layout-flex wp-block-buttons-is-layout-flex\">\n<div class=\"wp-block-button\"><a class=\"wp-block-button__link has-background wp-element-button\" href=\"https:\/\/www.lfk.se\/?page_id=68\" style=\"background-color:#23627d\">LAPL<\/a><\/div>\n\n\n\n<div class=\"wp-block-button is-style-outline is-style-outline--1\"><a class=\"wp-block-button__link has-white-color has-text-color has-background wp-element-button\" href=\"https:\/\/www.lfk.se\/?page_id=72\" style=\"background-color:#23627d\">PPL<\/a><\/div>\n\n\n\n<div class=\"wp-block-button\"><a class=\"wp-block-button__link has-background wp-element-button\" href=\"https:\/\/www.lfk.se\/?page_id=70\" style=\"background-color:#23627d\">M\u00f6rker<\/a><\/div>\n\n\n\n\n\n<div class=\"wp-block-button\"><a class=\"wp-block-button__link has-background wp-element-button\" href=\"https:\/\/www.lfk.se\/?page_id=28328\" style=\"background-color:#23627d\">CBIR<\/a><\/div>\n\n\n\n\n\n<div class=\"wp-block-button\"><a class=\"wp-block-button__link has-background wp-element-button\" href=\"https:\/\/www.lfk.se\/?page_id=195\" style=\"background-color:#23627d\">ROTE<\/a><\/div>\n\n\n\n<div class=\"wp-block-button\"><a class=\"wp-block-button__link has-white-color has-text-color has-background wp-element-button\" href=\"https:\/\/www.lfk.se\/?page_id=343\" style=\"background-color:#23627d\">Teori LAPL\/PPL<\/a><\/div>\n\n\n\n<div class=\"wp-block-button\"><a class=\"wp-block-button__link has-background wp-element-button\" href=\"https:\/\/www.lfk.se\/?page_id=345\" style=\"background-color:#23627d\">Teori BIR\/CBIR<\/a><\/div>\n<\/div>\n\n\n\n<div style=\"height:5px\" aria-hidden=\"true\" class=\"wp-block-spacer\"><\/div>\n\n\n\n<hr class=\"wp-block-separator has-text-color has-css-opacity has-background is-style-wide\" style=\"background-color:#23627d;color:#23627d\"\/>\n\n\n\n<p class=\"has-text-align-center\"><em>Senast uppdaterad: 2023-09-19<\/em><\/p>\n","protected":false},"excerpt":{"rendered":"<p>Vill du l\u00e4ra dig flyga eller vill du ta ditt flygande till en ny niv\u00e5? Link\u00f6pings Flygklubb (LFK) grundades 1933 och har utbildat piloter sedan 1935. V\u00e5ren 2005 hade vi gl\u00e4djen att f\u00e5 gratulera v\u00e5r 1000:e pilot. Vi har utbildat m\u00e5nga fler sedan dess och har ett bra utbud av utbildningar som dels kan ge den flygintresserade egna vingar men \u00e4ven vidareutveckla flygandet hos de piloter som vill l\u00e4ra sig n\u00e5got nytt. Nedan f\u00f6ljer en kortfattad beskrivning av de utbildningar som vi erbjuder hos Link\u00f6pings Flygklubb. Grundutbildning F\u00f6r att kunna flyga m\u00e5ste du b\u00f6rja med att ta ett flygcertifikat. Hos oss kan du v\u00e4lja mellan att ta ett LAPL eller ett PPL. B\u00e5da certifikaten ger dig beh\u00f6righet att flyga enmotoriga kolvmotorflygplan f\u00f6r privata \u00e4ndam\u00e5l. Flygningen m\u00e5ste utf\u00f6ras enligt VFR (Visual Flight Rules) dagtid. VFR inneb\u00e4r att du inte f\u00e5r flyga i moln eller med alltf\u00f6r d\u00e5lig sikt. Den teoretiska utbildningen\u2026 <a class=\"continue-reading-link\" href=\"https:\/\/www.lfk.se\/?page_id=56\">L\u00e4s mer<\/a><\/p>\n","protected":false},"author":1,"featured_media":0,"parent":0,"menu_order":1,"comment_status":"closed","ping_status":"open","template":"templates\/template-onecolumn.php","meta":{"footnotes":""},"class_list":["post-56","page","type-page","status-publish","hentry"],"_links":{"self":[{"href":"https:\/\/www.lfk.se\/index.php?rest_route=\/wp\/v2\/pages\/56","targetHints":{"allow":["GET"]}}],"collection":[{"href":"https:\/\/www.lfk.se\/index.php?rest_route=\/wp\/v2\/pages"}],"about":[{"href":"https:\/\/www.lfk.se\/index.php?rest_route=\/wp\/v2\/types\/page"}],"author":[{"embeddable":true,"href":"https:\/\/www.lfk.se\/index.php?rest_route=\/wp\/v2\/users\/1"}],"replies":[{"embeddable":true,"href":"https:\/\/www.lfk.se\/index.php?rest_route=%2Fwp%2Fv2%2Fcomments&post=56"}],"version-history":[{"count":21,"href":"https:\/\/www.lfk.se\/index.php?rest_route=\/wp\/v2\/pages\/56\/revisions"}],"predecessor-version":[{"id":37826,"href":"https:\/\/www.lfk.se\/index.php?rest_route=\/wp\/v2\/pages\/56\/revisions\/37826"}],"wp:attachment":[{"href":"https:\/\/www.lfk.se\/index.php?rest_route=%2Fwp%2Fv2%2Fmedia&parent=56"}],"curies":[{"name":"wp","href":"https:\/\/api.w.org\/{rel}","templated":true}]}}