{"id":86,"date":"2014-01-17T16:10:28","date_gmt":"2014-01-17T15:10:28","guid":{"rendered":"http:\/\/luff.studorg.liu.se\/LFK\/hemsida\/?page_id=86"},"modified":"2025-05-04T11:27:12","modified_gmt":"2025-05-04T09:27:12","slug":"for-besokare","status":"publish","type":"page","link":"https:\/\/www.lfk.se\/?page_id=86","title":{"rendered":"Visitors"},"content":{"rendered":"\n<p>Non-Swedish speaking visitors, please read this <a href=\"https:\/\/www.lfk.se\/wp-content\/uploads\/2025\/02\/Arrival_and_Departure_Briefing-ESSL-20250209.pdf\">Arrival and Departure Briefing ESSL<\/a> and also our <a href=\"http:\/\/www.lfk.se\/?page_id=355\">English summary page<\/a>.<\/p>\n\n\n\n<p>Please note that PPR is required to visit ESSL, due to airport regulations. To apply, use the <a href=\"https:\/\/ppr.lfk.se\">PPR form<\/a>.<\/p>\n\n\n\n<p>Link\u00f6pings Flygklubb&nbsp;ligger p\u00e5 <a href=\"https:\/\/www.google.com\/maps\/place\/Link%C3%B6pings+Flygklubb\/@58.4102126,15.6729945,16z\/data=!4m2!3m1!1s0x46596eb7d0144181:0xa55789a437caa70f?hl=sv-SE\">Pilotgatan 10<\/a>, norr om Saab-f\u00e4ltet. D\u00e4r finns klubbhuset d\u00e4r det g\u00e5r att f\u00e5 kaffe och kakor samt andra faciliteter f\u00f6r bes\u00f6kare. D\u00e4r finns ocks\u00e5 v\u00e5r hangar samt en tankanl\u00e4ggning d\u00e4r vi erbjuder 100LL med sj\u00e4lvbetj\u00e4ning, via kortterminal.<\/p>\n\n\n<div class=\"wp-block-image\">\n<figure class=\"aligncenter size-full is-resized\"><img loading=\"lazy\" decoding=\"async\" width=\"1915\" height=\"1111\" src=\"https:\/\/www.lfk.se\/wp-content\/uploads\/2025\/02\/OpenStreetMaps-LFK_klubbstuga-20250219.jpg\" alt=\"\" class=\"wp-image-38131\" style=\"width:1416px\" srcset=\"https:\/\/www.lfk.se\/wp-content\/uploads\/2025\/02\/OpenStreetMaps-LFK_klubbstuga-20250219.jpg 1915w, https:\/\/www.lfk.se\/wp-content\/uploads\/2025\/02\/OpenStreetMaps-LFK_klubbstuga-20250219-300x174.jpg 300w, https:\/\/www.lfk.se\/wp-content\/uploads\/2025\/02\/OpenStreetMaps-LFK_klubbstuga-20250219-1024x594.jpg 1024w, https:\/\/www.lfk.se\/wp-content\/uploads\/2025\/02\/OpenStreetMaps-LFK_klubbstuga-20250219-768x446.jpg 768w, https:\/\/www.lfk.se\/wp-content\/uploads\/2025\/02\/OpenStreetMaps-LFK_klubbstuga-20250219-1536x891.jpg 1536w, https:\/\/www.lfk.se\/wp-content\/uploads\/2025\/02\/OpenStreetMaps-LFK_klubbstuga-20250219-250x145.jpg 250w, https:\/\/www.lfk.se\/wp-content\/uploads\/2025\/02\/OpenStreetMaps-LFK_klubbstuga-20250219-150x87.jpg 150w\" sizes=\"auto, (max-width: 1915px) 100vw, 1915px\" \/><figcaption class=\"wp-element-caption\"><a href=\"https:\/\/www.openstreetmap.org\/copyright\">\u00a9 OpenStreetMap contributors<\/a><\/figcaption><\/figure>\n<\/div>\n\n\n<p>Vill du bes\u00f6ka Link\u00f6pings Flygklubb och SAAB-f\u00e4ltet med flyg \u00e4r du varmt v\u00e4lkommen. Se <a href=\"https:\/\/www.lfk.se\/wp-content\/uploads\/2025\/02\/Arrival_and_Departure_Briefing-ESSL-20250209.pdf\">Arrival and Departure Briefing ESSL<\/a> f\u00f6r information och detaljer.<\/p>\n\n\n\n<p>Saab-f\u00e4ltet \u00e4r del i det svenska startkortsystemet, s\u00e5 har du Swedavias \u00e5rsstartkort s\u00e5 betalar du ingen startavgift.<\/p>\n\n\n\n<p><strong>Rumsuthyrning<\/strong><\/p>\n\n\n\n<p>Flygklubben har tre \u00f6vernattningsrum som medlemmar och g\u00e4ster f\u00e5r disponera.<br>Pris f\u00f6r sovrum 300:- per natt. Egna s\u00e4ngkl\u00e4der medtages. St\u00e4dning sker av hyresg\u00e4sten. Icke medlemmar ans\u00f6ker om att f\u00e5 boka via info@lfk.se.<\/p>\n\n\n\n<p>T\u00e4nk ocks\u00e5 p\u00e5 att det finns <a href=\"http:\/\/www.lfk.se\/?p=27628\">milit\u00e4r flygtrafik till och fr\u00e5n Malmen<\/a> s\u00f6der om Saab kontrollzon.&nbsp;<\/p>\n","protected":false},"excerpt":{"rendered":"<p>Non-Swedish speaking visitors, please read this Arrival and Departure Briefing ESSL and also our English summary page. Please note that PPR is required to visit ESSL, due to airport regulations. To apply, use the PPR form. Link\u00f6pings Flygklubb&nbsp;ligger p\u00e5 Pilotgatan 10, norr om Saab-f\u00e4ltet. D\u00e4r finns klubbhuset d\u00e4r det g\u00e5r att f\u00e5 kaffe och kakor samt andra faciliteter f\u00f6r bes\u00f6kare. D\u00e4r finns ocks\u00e5 v\u00e5r hangar samt en tankanl\u00e4ggning d\u00e4r vi erbjuder 100LL med sj\u00e4lvbetj\u00e4ning, via kortterminal. Vill du bes\u00f6ka Link\u00f6pings Flygklubb och SAAB-f\u00e4ltet med flyg \u00e4r du varmt v\u00e4lkommen. Se Arrival and Departure Briefing ESSL f\u00f6r information och detaljer. Saab-f\u00e4ltet \u00e4r del i det svenska startkortsystemet, s\u00e5 har du Swedavias \u00e5rsstartkort s\u00e5 betalar du ingen startavgift. Rumsuthyrning Flygklubben har tre \u00f6vernattningsrum som medlemmar och g\u00e4ster f\u00e5r disponera.Pris f\u00f6r sovrum 300:- per natt. Egna s\u00e4ngkl\u00e4der medtages. St\u00e4dning sker av hyresg\u00e4sten. Icke medlemmar ans\u00f6ker om att f\u00e5 boka via info@lfk.se. T\u00e4nk ocks\u00e5\u2026 <a class=\"continue-reading-link\" href=\"https:\/\/www.lfk.se\/?page_id=86\">L\u00e4s mer<\/a><\/p>\n","protected":false},"author":1,"featured_media":0,"parent":0,"menu_order":4,"comment_status":"closed","ping_status":"open","template":"templates\/template-onecolumn.php","meta":{"footnotes":""},"class_list":["post-86","page","type-page","status-publish","hentry"],"_links":{"self":[{"href":"https:\/\/www.lfk.se\/index.php?rest_route=\/wp\/v2\/pages\/86","targetHints":{"allow":["GET"]}}],"collection":[{"href":"https:\/\/www.lfk.se\/index.php?rest_route=\/wp\/v2\/pages"}],"about":[{"href":"https:\/\/www.lfk.se\/index.php?rest_route=\/wp\/v2\/types\/page"}],"author":[{"embeddable":true,"href":"https:\/\/www.lfk.se\/index.php?rest_route=\/wp\/v2\/users\/1"}],"replies":[{"embeddable":true,"href":"https:\/\/www.lfk.se\/index.php?rest_route=%2Fwp%2Fv2%2Fcomments&post=86"}],"version-history":[{"count":42,"href":"https:\/\/www.lfk.se\/index.php?rest_route=\/wp\/v2\/pages\/86\/revisions"}],"predecessor-version":[{"id":38249,"href":"https:\/\/www.lfk.se\/index.php?rest_route=\/wp\/v2\/pages\/86\/revisions\/38249"}],"wp:attachment":[{"href":"https:\/\/www.lfk.se\/index.php?rest_route=%2Fwp%2Fv2%2Fmedia&parent=86"}],"curies":[{"name":"wp","href":"https:\/\/api.w.org\/{rel}","templated":true}]}}